

{"id":775,"date":"2023-10-04T16:58:44","date_gmt":"2023-10-04T16:58:44","guid":{"rendered":"https:\/\/10.10.3.106\/vocalias\/?page_id=775"},"modified":"2024-01-10T23:29:00","modified_gmt":"2024-01-10T23:29:00","slug":"sustituciones-2024","status":"publish","type":"page","link":"https:\/\/sistemaselec.ieem.org.mx\/vocalias\/","title":{"rendered":"Sustituciones 2024"},"content":{"rendered":"\n<h2 class=\"wp-block-heading\">SUSTITUCIONES<\/h2>\n\n\n\n<div class=\"wp-block-columns is-layout-flex wp-container-core-columns-is-layout-9d6595d7 wp-block-columns-is-layout-flex\">\n<div class=\"wp-block-column generales-lista is-layout-flow wp-block-column-is-layout-flow\"><div id=\"sp-ea-905\" class=\"sp-ea-one sp-easy-accordion\" data-ex-icon=\"fa-minus\" data-col-icon=\"fa-plus\"  data-ea-active=\"ea-click\"  data-ea-mode=\"vertical\" data-preloader=\"\"><div class=\"ea-card ea-expand sp-ea-single\"><h3 class=\"ea-header\"><a class=\"collapsed\" data-sptoggle=\"spcollapse\" data-sptarget=#collapse9050 href=\"javascript:void(0)\" aria-expanded=\"true\"><i class=\"ea-expand-icon fa fa-minus\"><\/i> Sustituciones 05-06-24<\/a><\/h3><div class=\"sp-collapse spcollapse collapsed show\" id=\"collapse9050\" data-parent=#sp-ea-905><div class=\"ea-body\"><p><a href=\"https:\/\/sistemaselec.ieem.org.mx\/vocalias\/wp-content\/uploads\/2024\/Publicacion_Sustitucion_municipal_050624.pdf\">Sustituci\u00f3n de vocal\u00edas municipales que derivan del Acuerdo IEEM\/CG\/151\/2024 aprobado en la Sesi\u00f3n Ininterrumpida de Seguimiento de C\u00f3mputos Distritales y Municipales del Proceso Electoral Ordinario para la Elecci\u00f3n de Diputaciones Locales y Ayuntamientos 2024 del Consejo General, celebrada el 5 de junio de 2024.<\/a><\/p>\n<\/div><\/div><\/div><div class=\"ea-card  sp-ea-single\"><h3 class=\"ea-header\"><a class=\"collapsed\" data-sptoggle=\"spcollapse\" data-sptarget=#collapse9051 href=\"javascript:void(0)\" aria-expanded=\"false\"><i class=\"ea-expand-icon fa fa-plus\"><\/i> Sustituciones 04-06-24<\/a><\/h3><div class=\"sp-collapse spcollapse \" id=\"collapse9051\" data-parent=#sp-ea-905><div class=\"ea-body\"><p><a href=\"https:\/\/sistemaselec.ieem.org.mx\/vocalias\/wp-content\/uploads\/2024\/Publicacion_Sustitucion_municipal_040624.pdf\">Sustituci\u00f3n de una vocal\u00eda municipal que deriva del Acuerdo IEEM\/CG\/150\/2024 aprobado en la Trig\u00e9sima Sesi\u00f3n Especial del Consejo General, celebrada el 4 de\u00a0junio\u00a0de\u00a02024.<\/a><\/p>\n<\/div><\/div><\/div><div class=\"ea-card  sp-ea-single\"><h3 class=\"ea-header\"><a class=\"collapsed\" data-sptoggle=\"spcollapse\" data-sptarget=#collapse9052 href=\"javascript:void(0)\" aria-expanded=\"false\"><i class=\"ea-expand-icon fa fa-plus\"><\/i> Sustituciones 01-06-24<\/a><\/h3><div class=\"sp-collapse spcollapse \" id=\"collapse9052\" data-parent=#sp-ea-905><div class=\"ea-body\"><p><a href=\"https:\/\/sistemaselec.ieem.org.mx\/vocalias\/wp-content\/uploads\/2024\/Publicacion_Sustitucion_municipal_010624.pdf\">Sustituci\u00f3n provisional de vocal\u00edas distritales que derivan del Acuerdo IEEM\/CG\/143\/2024 aprobado en la Vig\u00e9sima S\u00e9ptima Sesi\u00f3n Especial del Consejo General, celebrada el 1 de junio de 2024.<\/a><\/p>\n<\/div><\/div><\/div><div class=\"ea-card  sp-ea-single\"><h3 class=\"ea-header\"><a class=\"collapsed\" data-sptoggle=\"spcollapse\" data-sptarget=#collapse9053 href=\"javascript:void(0)\" aria-expanded=\"false\"><i class=\"ea-expand-icon fa fa-plus\"><\/i> Sustituciones 31-05-24<\/a><\/h3><div class=\"sp-collapse spcollapse \" id=\"collapse9053\" data-parent=#sp-ea-905><div class=\"ea-body\"><p><a href=\"https:\/\/sistemaselec.ieem.org.mx\/vocalias\/wp-content\/uploads\/2024\/Publicacion_sustituciones_Distritales_Municipales_310524-EXT.pdf\">Sustituci\u00f3n de una vocal\u00eda municipal y dos distritales que derivan del Acuerdo IEEM\/CG\/139\/2024 aprobado en la Vig\u00e9sima Quinta Sesi\u00f3n Extraordinaria del Consejo General, celebrada el 31 de mayo de 2024.<\/a><\/p>\n<p><a href=\"https:\/\/sistemaselec.ieem.org.mx\/vocalias\/wp-content\/uploads\/2024\/Publicacion_Sustitucion_distrital_310524_Especial.pdf\">Sustituci\u00f3n de vocal\u00edas distritales que derivan del Acuerdo IEEM\/CG\/142\/2024 aprobado en la Vig\u00e9sima Sexta Sesi\u00f3n Especial del Consejo General, celebrada el 31 de mayo de 2024.<\/a><\/p>\n<\/div><\/div><\/div><div class=\"ea-card  sp-ea-single\"><h3 class=\"ea-header\"><a class=\"collapsed\" data-sptoggle=\"spcollapse\" data-sptarget=#collapse9054 href=\"javascript:void(0)\" aria-expanded=\"false\"><i class=\"ea-expand-icon fa fa-plus\"><\/i> Sustituciones 26-05-24<\/a><\/h3><div class=\"sp-collapse spcollapse \" id=\"collapse9054\" data-parent=#sp-ea-905><div class=\"ea-body\"><p><a href=\"https:\/\/sistemaselec.ieem.org.mx\/vocalias\/wp-content\/uploads\/2024\/Publicacion_Sustitucion_municipal_260524.pdf\">Sustituci\u00f3n de vocal\u00edas municipales que derivan del Acuerdo IEEM\/CG\/135\/2024 aprobado en la Vig\u00e9sima Cuarta Sesi\u00f3n Especial del Consejo General, celebrada el 26 de mayo de 2024.<\/a><\/p>\n<\/div><\/div><\/div><div class=\"ea-card  sp-ea-single\"><h3 class=\"ea-header\"><a class=\"collapsed\" data-sptoggle=\"spcollapse\" data-sptarget=#collapse9055 href=\"javascript:void(0)\" aria-expanded=\"false\"><i class=\"ea-expand-icon fa fa-plus\"><\/i> Sustituciones 24-05-24<\/a><\/h3><div class=\"sp-collapse spcollapse \" id=\"collapse9055\" data-parent=#sp-ea-905><div class=\"ea-body\"><p><a href=\"https:\/\/sistemaselec.ieem.org.mx\/vocalias\/wp-content\/uploads\/2024\/Publicacion_Sustitucion_municipal_240524.pdf\">Sustituci\u00f3n de vocal\u00edas municipales que derivan del Acuerdo IEEM\/CG\/130\/2024 aprobado en la Vig\u00e9sima Tercera Sesi\u00f3n Extraordinaria del Consejo General, celebrada el 24 de mayo de 2024.<\/a><\/p>\n<\/div><\/div><\/div><div class=\"ea-card  sp-ea-single\"><h3 class=\"ea-header\"><a class=\"collapsed\" data-sptoggle=\"spcollapse\" data-sptarget=#collapse9056 href=\"javascript:void(0)\" aria-expanded=\"false\"><i class=\"ea-expand-icon fa fa-plus\"><\/i> Sustituciones 21-05-24<\/a><\/h3><div class=\"sp-collapse spcollapse \" id=\"collapse9056\" data-parent=#sp-ea-905><div class=\"ea-body\"><p><a href=\"https:\/\/sistemaselec.ieem.org.mx\/vocalias\/wp-content\/uploads\/2024\/Publicacion_Sustitucion_Distrital__Municipal_210524.pdf\">Sustituci\u00f3n de vocal\u00edas distritales y municipales que derivan del Acuerdo IEEM\/CG\/124\/2024 aprobado en la Vig\u00e9sima Segunda Sesi\u00f3n Extraordinaria del Consejo General, celebrada el 21 de mayo de 2024.<\/a><\/p>\n<\/div><\/div><\/div><div class=\"ea-card  sp-ea-single\"><h3 class=\"ea-header\"><a class=\"collapsed\" data-sptoggle=\"spcollapse\" data-sptarget=#collapse9057 href=\"javascript:void(0)\" aria-expanded=\"false\"><i class=\"ea-expand-icon fa fa-plus\"><\/i> Sustituciones 13-05-24<\/a><\/h3><div class=\"sp-collapse spcollapse \" id=\"collapse9057\" data-parent=#sp-ea-905><div class=\"ea-body\"><p><a href=\"https:\/\/sistemaselec.ieem.org.mx\/vocalias\/wp-content\/uploads\/2024\/Publicacion_Sustitucion_distrital_y_municipal_130524.pdf\">Sustituci\u00f3n de vocal\u00edas distritales y municipales que derivan del Acuerdo IEEM\/CG\/113\/2024 aprobado en la Vig\u00e9sima Sesi\u00f3n Extraordinaria del Consejo General, celebrada el 13 de mayo de 2024.<\/a><\/p>\n<\/div><\/div><\/div><div class=\"ea-card  sp-ea-single\"><h3 class=\"ea-header\"><a class=\"collapsed\" data-sptoggle=\"spcollapse\" data-sptarget=#collapse9058 href=\"javascript:void(0)\" aria-expanded=\"false\"><i class=\"ea-expand-icon fa fa-plus\"><\/i> Sustituciones 07-05-24<\/a><\/h3><div class=\"sp-collapse spcollapse \" id=\"collapse9058\" data-parent=#sp-ea-905><div class=\"ea-body\"><p><a href=\"https:\/\/sistemaselec.ieem.org.mx\/vocalias\/wp-content\/uploads\/2024\/Publicacion_sustitucion_distrital_y_municipal_070524.pdf\">Sustituci\u00f3n de dos vocal\u00edas municipales y una distrital que derivan del Acuerdo IEEM\/CG\/107\/2024 aprobado en la D\u00e9cima Octava Sesi\u00f3n Extraordinaria del Consejo General, celebrada el 7 de mayo de 2024.<\/a><\/p>\n<\/div><\/div><\/div><div class=\"ea-card  sp-ea-single\"><h3 class=\"ea-header\"><a class=\"collapsed\" data-sptoggle=\"spcollapse\" data-sptarget=#collapse9059 href=\"javascript:void(0)\" aria-expanded=\"false\"><i class=\"ea-expand-icon fa fa-plus\"><\/i> Sustituciones 25-04-24<\/a><\/h3><div class=\"sp-collapse spcollapse \" id=\"collapse9059\" data-parent=#sp-ea-905><div class=\"ea-body\"><p><a href=\"https:\/\/sistemaselec.ieem.org.mx\/vocalias\/wp-content\/uploads\/2024\/Publicacion_Sustitucion_municipal_250424.pdf\">Sustituci\u00f3n de vocal\u00edas municipales que derivan del Acuerdo IEEM\/CG\/87\/2024 aprobado en la Cuarta Sesi\u00f3n Ordinaria del Consejo General, celebrada el 25 de abril de 2024.<\/a><\/p>\n<\/div><\/div><\/div><div class=\"ea-card  sp-ea-single\"><h3 class=\"ea-header\"><a class=\"collapsed\" data-sptoggle=\"spcollapse\" data-sptarget=#collapse90510 href=\"javascript:void(0)\" aria-expanded=\"false\"><i class=\"ea-expand-icon fa fa-plus\"><\/i> Sustituciones 08-04-24<\/a><\/h3><div class=\"sp-collapse spcollapse \" id=\"collapse90510\" data-parent=#sp-ea-905><div class=\"ea-body\"><p><a href=\"https:\/\/sistemaselec.ieem.org.mx\/vocalias\/wp-content\/uploads\/2024\/Sustitucion_de_vocalias_080424.pdf\">Sustituci\u00f3n de vocal\u00edas municipales y distritales que derivan del Acuerdo IEEM\/CG\/79\/2024 aprobado en la D\u00e9cima Sexta Sesi\u00f3n Extraordinaria del Consejo General, celebrada el 8 de abril de 2024.<\/a><\/p>\n<\/div><\/div><\/div><div class=\"ea-card  sp-ea-single\"><h3 class=\"ea-header\"><a class=\"collapsed\" data-sptoggle=\"spcollapse\" data-sptarget=#collapse90511 href=\"javascript:void(0)\" aria-expanded=\"false\"><i class=\"ea-expand-icon fa fa-plus\"><\/i> Sustituciones 26-03-24<\/a><\/h3><div class=\"sp-collapse spcollapse \" id=\"collapse90511\" data-parent=#sp-ea-905><div class=\"ea-body\"><p><a href=\"https:\/\/sistemaselec.ieem.org.mx\/vocalias\/wp-content\/uploads\/2024\/Publicacion_Sustituciones_distritales_260324.pdf\">Sustituciones de vocal\u00edas distritales que derivan del Acuerdo IEEM\/CG\/75\/2024 aprobado en la D\u00e9cima Quinta Sesi\u00f3n Extraordinaria del Consejo General, celebrada el 26 de marzo de 2024.<\/a><\/p>\n<p><a href=\"https:\/\/sistemaselec.ieem.org.mx\/vocalias\/wp-content\/uploads\/2024\/Publicacion_Sustitucion_municipal_260324.pdf\">Sustituci\u00f3n de una vocal\u00eda municipal que deriva del Acuerdo IEEM\/CG\/77\/2024 aprobado en la D\u00e9cima Segunda Sesi\u00f3n Especial del Consejo General, celebrada el 26 de\u00a0marzo\u00a0de\u00a02024.<\/a><\/p>\n<\/div><\/div><\/div><div class=\"ea-card  sp-ea-single\"><h3 class=\"ea-header\"><a class=\"collapsed\" data-sptoggle=\"spcollapse\" data-sptarget=#collapse90512 href=\"javascript:void(0)\" aria-expanded=\"false\"><i class=\"ea-expand-icon fa fa-plus\"><\/i> Sustituciones 22-03-24<\/a><\/h3><div class=\"sp-collapse spcollapse \" id=\"collapse90512\" data-parent=#sp-ea-905><div class=\"ea-body\"><p><a href=\"https:\/\/sistemaselec.ieem.org.mx\/vocalias\/wp-content\/uploads\/2024\/Publicacion_Sustitucion_municipal_220324.pdf\">Designaci\u00f3n de vocal\u00eda municipal derivada del Acuerdo IEEM\/CG\/64\/2024 aprobado en la D\u00e9cima Primera Sesi\u00f3n Especial del Consejo General, celebrada el 22 de marzo de 2024.<\/a><\/p>\n<\/div><\/div><\/div><div class=\"ea-card  sp-ea-single\"><h3 class=\"ea-header\"><a class=\"collapsed\" data-sptoggle=\"spcollapse\" data-sptarget=#collapse90513 href=\"javascript:void(0)\" aria-expanded=\"false\"><i class=\"ea-expand-icon fa fa-plus\"><\/i> Sustituciones 20-03-24<\/a><\/h3><div class=\"sp-collapse spcollapse \" id=\"collapse90513\" data-parent=#sp-ea-905><div class=\"ea-body\"><p><a href=\"https:\/\/sistemaselec.ieem.org.mx\/vocalias\/wp-content\/uploads\/2024\/Publicacion_Sustitucion_distritales_200324_.pdf\">Sustituciones de vocal\u00edas distritales que se derivan del Acuerdo IEEM\/CG\/62\/2024 aprobado en la D\u00e9cima Cuarta Sesi\u00f3n Extraordinaria del Consejo General, celebrada el 20 de marzo de 2024.<\/a><\/p>\n<\/div><\/div><\/div><div class=\"ea-card  sp-ea-single\"><h3 class=\"ea-header\"><a class=\"collapsed\" data-sptoggle=\"spcollapse\" data-sptarget=#collapse90514 href=\"javascript:void(0)\" aria-expanded=\"false\"><i class=\"ea-expand-icon fa fa-plus\"><\/i> Sustituciones 08-03-24<\/a><\/h3><div class=\"sp-collapse spcollapse \" id=\"collapse90514\" data-parent=#sp-ea-905><div class=\"ea-body\"><p><a href=\"https:\/\/sistemaselec.ieem.org.mx\/vocalias\/wp-content\/uploads\/2024\/Publicacion_Sustitucion_municipales_080324.pdf\">Sustituci\u00f3n de una vocal\u00eda municipal que se deriva del Acuerdo IEEM\/CG\/56\/2024 aprobado en la D\u00e9cima Tercera Sesi\u00f3n Extraordinaria del Consejo General, celebrada el 8 de marzo de 2024.<\/a><\/p>\n<\/div><\/div><\/div><div class=\"ea-card  sp-ea-single\"><h3 class=\"ea-header\"><a class=\"collapsed\" data-sptoggle=\"spcollapse\" data-sptarget=#collapse90515 href=\"javascript:void(0)\" aria-expanded=\"false\"><i class=\"ea-expand-icon fa fa-plus\"><\/i> Sustituciones 05-03-24<\/a><\/h3><div class=\"sp-collapse spcollapse \" id=\"collapse90515\" data-parent=#sp-ea-905><div class=\"ea-body\"><p><a href=\"https:\/\/sistemaselec.ieem.org.mx\/vocalias\/wp-content\/uploads\/2024\/SUST_ACUERDO_51_COMPLETO_FINAL.pdf\">Sustituci\u00f3n de una vocal\u00eda distrital y tres municipales que se derivan del Acuerdo IEEM\/CG\/51\/2024 aprobado en la D\u00e9cima Segunda Sesi\u00f3n Extraordinaria del Consejo General, celebrada el 5 de marzo de 2024.<\/a><\/p>\n<p><a href=\"https:\/\/sistemaselec.ieem.org.mx\/vocalias\/wp-content\/uploads\/2024\/SUST_ACUERDO_54.pdf\">Integraci\u00f3n de la Junta Distrital 15 Ixtlahuaca De Ray\u00f3n con base en el Acuerdo IEEM\/CG\/54\/2024 aprobado en la Novena Sesi\u00f3n Especial del Consejo General, celebrada el 5 de marzo de 2024.<\/a><\/p>\n<p><a href=\"https:\/\/sistemaselec.ieem.org.mx\/vocalias\/wp-content\/uploads\/2024\/LISTA_DE_RESERVA_AUCERDO_CG-54.pdf\">Publicaci\u00f3n de folio y calificaci\u00f3n de las personas aspirantes que integran la lista de reserva Distrital derivado del Acuerdo IEEM\/CG\/54\/2024 aprobado en la Novena Sesi\u00f3n Especial del Consejo General, celebrada el 5 de marzo de 2024.<\/a><\/p>\n<\/div><\/div><\/div><div class=\"ea-card  sp-ea-single\"><h3 class=\"ea-header\"><a class=\"collapsed\" data-sptoggle=\"spcollapse\" data-sptarget=#collapse90516 href=\"javascript:void(0)\" aria-expanded=\"false\"><i class=\"ea-expand-icon fa fa-plus\"><\/i> Sustituciones 25-02-24<\/a><\/h3><div class=\"sp-collapse spcollapse \" id=\"collapse90516\" data-parent=#sp-ea-905><div class=\"ea-body\"><p><a href=\"https:\/\/sistemaselec.ieem.org.mx\/vocalias\/wp-content\/uploads\/2024\/PUBLICACIONIEEM_CG_45_2024.pdf\">Integraci\u00f3n de Junta Municipal en atenci\u00f3n a la Resoluci\u00f3n IEEM\/CG\/45\/2024 aprobada en la Octava Sesi\u00f3n especial del Consejo General celebrada el 25 de febrero de 2024.<\/a><\/p>\n<p><a href=\"https:\/\/sistemaselec.ieem.org.mx\/vocalias\/wp-content\/uploads\/2024\/LISTADERESERVAIEEM_CG_45_2024.pdf\">Publicaci\u00f3n de folio y calificaci\u00f3n de la persona aspirante que integra la lista de reserva Municipal en atenci\u00f3n a la Resoluci\u00f3n EEM\/CG\/45\/2024 aprobada en la Octava Sesi\u00f3n Especial del Consejo General, celebrada el 25 de febrero de 2024.<\/a><\/p>\n<\/div><\/div><\/div><div class=\"ea-card  sp-ea-single\"><h3 class=\"ea-header\"><a class=\"collapsed\" data-sptoggle=\"spcollapse\" data-sptarget=#collapse90517 href=\"javascript:void(0)\" aria-expanded=\"false\"><i class=\"ea-expand-icon fa fa-plus\"><\/i> Sustituciones 20-02-24<\/a><\/h3><div class=\"sp-collapse spcollapse \" id=\"collapse90517\" data-parent=#sp-ea-905><div class=\"ea-body\"><p><a href=\"https:\/\/sistemaselec.ieem.org.mx\/vocalias\/wp-content\/uploads\/2024\/Publicacion_Sustituciones_municipales_200224.pdf\">Sustituci\u00f3n definitiva y dos sustituciones provisionales de vocal\u00edas municipales que se derivan del Acuerdo IEEM\/CG\/39\/2024 aprobado en la Segunda Sesi\u00f3n Ordinaria del Consejo General, celebrada el 20 de febrero de 2024.<\/a><\/p>\n<p><a href=\"https:\/\/sistemaselec.ieem.org.mx\/vocalias\/wp-content\/uploads\/2024\/Publicacion-Sustituciones_municipales_JDC_200224.pdf\">Integraci\u00f3n de la Junta Municipal 100 Texcoco con base en el Acuerdo IEEM\/CG\/44\/2024 aprobado en la S\u00e9ptima Sesi\u00f3n Especial del Consejo General, celebrada el 20 de febrero de 2024.<\/a><\/p>\n<\/div><\/div><\/div><div class=\"ea-card  sp-ea-single\"><h3 class=\"ea-header\"><a class=\"collapsed\" data-sptoggle=\"spcollapse\" data-sptarget=#collapse90518 href=\"javascript:void(0)\" aria-expanded=\"false\"><i class=\"ea-expand-icon fa fa-plus\"><\/i> Sustituciones 06-02-24<\/a><\/h3><div class=\"sp-collapse spcollapse \" id=\"collapse90518\" data-parent=#sp-ea-905><div class=\"ea-body\"><p><a href=\"https:\/\/sistemaselec.ieem.org.mx\/vocalias\/wp-content\/uploads\/2024\/Publicacion_sustituciones_vocalia_distrital_y_tres_municipales_060224.pdf\">Sustituci\u00f3n de una vocal\u00eda distrital y tres municipales que se derivan del Acuerdo IEEM\/CG\/37\/2024 aprobado en la Novena Sesi\u00f3n Extraordinaria del Consejo General, celebrada el 6 de febrero de 2024.<\/a><\/p>\n<\/div><\/div><\/div><div class=\"ea-card  sp-ea-single\"><h3 class=\"ea-header\"><a class=\"collapsed\" data-sptoggle=\"spcollapse\" data-sptarget=#collapse90519 href=\"javascript:void(0)\" aria-expanded=\"false\"><i class=\"ea-expand-icon fa fa-plus\"><\/i> Sustituciones 30-01-24<\/a><\/h3><div class=\"sp-collapse spcollapse \" id=\"collapse90519\" data-parent=#sp-ea-905><div class=\"ea-body\"><p><a href=\"https:\/\/sistemaselec.ieem.org.mx\/vocalias\/wp-content\/uploads\/2024\/Publicacion_Sustituciones_WORD___FINAL.pdf\">Sustituci\u00f3n de una vocal\u00eda municipal que se deriva del Acuerdo IEEM\/CG\/27\/2024 aprobado en la Quinta Sesi\u00f3n Especial del Consejo General, celebrada el 30 de enero de 2024.<\/a><\/p>\n<p><a href=\"https:\/\/sistemaselec.ieem.org.mx\/vocalias\/wp-content\/uploads\/2024\/1-Publicacion_Reserva___FINAL.pdf\">Publicaci\u00f3n de la persona aspirante que integra la lista de reserva municipal para la Elecci\u00f3n de Diputaciones Locales y Ayuntamientos 2024, derivado del Acuerdo IEEM\/CG\/27\/2024 aprobado en la Quinta Sesi\u00f3n Especial del Consejo General, celebrada el 30 de enero de 2024.<\/a><\/p>\n<\/div><\/div><\/div><div class=\"ea-card  sp-ea-single\"><h3 class=\"ea-header\"><a class=\"collapsed\" data-sptoggle=\"spcollapse\" data-sptarget=#collapse90520 href=\"javascript:void(0)\" aria-expanded=\"false\"><i class=\"ea-expand-icon fa fa-plus\"><\/i> Sustituciones 26-01-24<\/a><\/h3><div class=\"sp-collapse spcollapse \" id=\"collapse90520\" data-parent=#sp-ea-905><div class=\"ea-body\"><ul>\n<li><a href=\"https:\/\/sistemaselec.ieem.org.mx\/vocalias\/wp-content\/uploads\/2024\/Publicacion_Sustituciones_ACDO_25.pdf\">Sustituci\u00f3n de vocal\u00edas distritales y municipales que se derivan del Acuerdo IEEM\/CG\/25\/2024 aprobado en la Cuarta Sesi\u00f3n Especial del Consejo General, celebrada el 26 de enero de 2024.<\/a><\/li>\n<\/ul>\n<ul>\n<li><a href=\"https:\/\/sistemaselec.ieem.org.mx\/vocalias\/wp-content\/uploads\/2024\/1_Publicacion_Reserva_ACDO-25.pdf\">Publicaci\u00f3n de las personas aspirantes que integran la lista de reserva distrital y municipal para la Elecci\u00f3n de Diputaciones Locales y Ayuntamientos 2024, derivado del Acuerdo IEEM\/CG\/25\/2024 aprobado en la Cuarta Sesi\u00f3n Especial del Consejo General, celebrada el 26 de enero de 2024.<\/a><\/li>\n<\/ul>\n<ul>\n<li><a href=\"https:\/\/sistemaselec.ieem.org.mx\/vocalias\/wp-content\/uploads\/2024\/Publicacion_Sustitucion_Municipales_ACDO_26.pdf\">Sustituci\u00f3n de vocal\u00edas municipales que se derivan del Acuerdo IEEM\/CG\/26\/2024 aprobado en la Cuarta Sesi\u00f3n Especial del Consejo General, celebrada el 26 de enero de 2024.<\/a><\/li>\n<\/ul>\n<\/div><\/div><\/div><div class=\"ea-card  sp-ea-single\"><h3 class=\"ea-header\"><a class=\"collapsed\" data-sptoggle=\"spcollapse\" data-sptarget=#collapse90521 href=\"javascript:void(0)\" aria-expanded=\"false\"><i class=\"ea-expand-icon fa fa-plus\"><\/i> Sustituciones 25-01-24<\/a><\/h3><div class=\"sp-collapse spcollapse \" id=\"collapse90521\" data-parent=#sp-ea-905><div class=\"ea-body\"><ul>\n<li><a href=\"https:\/\/sistemaselec.ieem.org.mx\/vocalias\/wp-content\/uploads\/2024\/Publicacion_Sustituciones_250124.pdf\">Sustituci\u00f3n de una vocal\u00eda distrital y municipal que se derivan del Acuerdo IEEM\/CG\/22\/2024 aprobado en la S\u00e9ptima Sesi\u00f3n Extraordinaria del Consejo General, celebrada el 25 de enero de 2024.<\/a><\/li>\n<\/ul>\n<\/div><\/div><\/div><div class=\"ea-card  sp-ea-single\"><h3 class=\"ea-header\"><a class=\"collapsed\" data-sptoggle=\"spcollapse\" data-sptarget=#collapse90522 href=\"javascript:void(0)\" aria-expanded=\"false\"><i class=\"ea-expand-icon fa fa-plus\"><\/i> Sustituciones 18-01-24<\/a><\/h3><div class=\"sp-collapse spcollapse \" id=\"collapse90522\" data-parent=#sp-ea-905><div class=\"ea-body\"><ul>\n<li><a href=\"https:\/\/sistemaselec.ieem.org.mx\/vocalias\/wp-content\/uploads\/2024\/Publicacion_Sustituciones_180124.pdf\">Sustituci\u00f3n de vocal\u00edas distritales y municipales que se derivan del Acuerdo IEEM\/CG\/17\/2024 aprobado en la Sexta Sesi\u00f3n Extraordinaria del Consejo General, celebrada el 18 de enero de 2024.<\/a><\/li>\n<\/ul>\n<\/div><\/div><\/div><div class=\"ea-card  sp-ea-single\"><h3 class=\"ea-header\"><a class=\"collapsed\" data-sptoggle=\"spcollapse\" data-sptarget=#collapse90523 href=\"javascript:void(0)\" aria-expanded=\"false\"><i class=\"ea-expand-icon fa fa-plus\"><\/i> Sustituciones 15-01-24<\/a><\/h3><div class=\"sp-collapse spcollapse \" id=\"collapse90523\" data-parent=#sp-ea-905><div class=\"ea-body\"><ul>\n<li><a href=\"https:\/\/sistemaselec.ieem.org.mx\/vocalias\/wp-content\/uploads\/2024\/Publicacion_Sustitucion_Municipales_150124.pdf\">Sustituci\u00f3n de vocal\u00edas municipales que se derivan del Acuerdo IEEM\/CG\/09\/2024 aprobado en la Quinta Sesi\u00f3n Extraordinaria del Consejo General, celebrada el 15 de\u00a0enero\u00a0de\u00a02024.<\/a><\/li>\n<\/ul>\n<\/div><\/div><\/div><div class=\"ea-card  sp-ea-single\"><h3 class=\"ea-header\"><a class=\"collapsed\" data-sptoggle=\"spcollapse\" data-sptarget=#collapse90524 href=\"javascript:void(0)\" aria-expanded=\"false\"><i class=\"ea-expand-icon fa fa-plus\"><\/i> Sustituciones 11-01-24<\/a><\/h3><div class=\"sp-collapse spcollapse \" id=\"collapse90524\" data-parent=#sp-ea-905><div class=\"ea-body\"><ul>\n<li><a href=\"https:\/\/sistemaselec.ieem.org.mx\/vocalias\/wp-content\/uploads\/2023\/docs\/Publicacion_Sustitucion_Municipal_110124.pdf\">Sustituci\u00f3n de vocal\u00edas municipales que se derivan del Acuerdo IEEM\/CG\/08\/2024 aprobado en la Cuarta Sesi\u00f3n Extraordinaria del Consejo General, celebrada el 11 de\u00a0enero\u00a0de\u00a02024.<\/a><\/li>\n<\/ul>\n<ul>\n<li><a href=\"https:\/\/sistemaselec.ieem.org.mx\/vocalias\/wp-content\/uploads\/2023\/docs\/Publicacion_Sustituciones_Distritales_y_Municipales_110124.pdf\">Sustituci\u00f3n de vocal\u00edas distritales y municipales que se derivan del Acuerdo IEEM\/CG\/07\/2024 aprobado en la Tercera Sesi\u00f3n Extraordinaria del Consejo General, celebrada el 11 de enero de 2024.<\/a><\/li>\n<\/ul>\n<\/div><\/div><\/div><div class=\"ea-card  sp-ea-single\"><h3 class=\"ea-header\"><a class=\"collapsed\" data-sptoggle=\"spcollapse\" data-sptarget=#collapse90525 href=\"javascript:void(0)\" aria-expanded=\"false\"><i class=\"ea-expand-icon fa fa-plus\"><\/i> Sustituciones 10-01-24<\/a><\/h3><div class=\"sp-collapse spcollapse \" id=\"collapse90525\" data-parent=#sp-ea-905><div class=\"ea-body\"><ul>\n<li><a href=\"https:\/\/sistemaselec.ieem.org.mx\/vocalias\/wp-content\/uploads\/2023\/docs\/3.-Publicacion_Sustituciones_Distritales_y_Municipales.pdf\">Sustituci\u00f3n de vocal\u00edas distritales y municipales que se derivan del Acuerdo IEEM\/CG\/06\/2024 aprobado en la Segunda Sesi\u00f3n Extraordinaria del Consejo General, celebrada el 10 de enero de 2024.<\/a><\/li>\n<\/ul>\n<\/div><\/div><\/div><\/div>\n<\/div>\n<\/div>\n","protected":false},"excerpt":{"rendered":"<p>SUSTITUCIONES<\/p>\n","protected":false},"author":1,"featured_media":0,"parent":0,"menu_order":0,"comment_status":"closed","ping_status":"open","template":"","meta":{"footnotes":""},"class_list":["post-775","page","type-page","status-publish","hentry"],"_links":{"self":[{"href":"https:\/\/sistemaselec.ieem.org.mx\/vocalias\/wp-json\/wp\/v2\/pages\/775","targetHints":{"allow":["GET"]}}],"collection":[{"href":"https:\/\/sistemaselec.ieem.org.mx\/vocalias\/wp-json\/wp\/v2\/pages"}],"about":[{"href":"https:\/\/sistemaselec.ieem.org.mx\/vocalias\/wp-json\/wp\/v2\/types\/page"}],"author":[{"embeddable":true,"href":"https:\/\/sistemaselec.ieem.org.mx\/vocalias\/wp-json\/wp\/v2\/users\/1"}],"replies":[{"embeddable":true,"href":"https:\/\/sistemaselec.ieem.org.mx\/vocalias\/wp-json\/wp\/v2\/comments?post=775"}],"version-history":[{"count":2,"href":"https:\/\/sistemaselec.ieem.org.mx\/vocalias\/wp-json\/wp\/v2\/pages\/775\/revisions"}],"predecessor-version":[{"id":907,"href":"https:\/\/sistemaselec.ieem.org.mx\/vocalias\/wp-json\/wp\/v2\/pages\/775\/revisions\/907"}],"wp:attachment":[{"href":"https:\/\/sistemaselec.ieem.org.mx\/vocalias\/wp-json\/wp\/v2\/media?parent=775"}],"curies":[{"name":"wp","href":"https:\/\/api.w.org\/{rel}","templated":true}]}}