

{"id":736,"date":"2023-10-03T22:06:19","date_gmt":"2023-10-03T22:06:19","guid":{"rendered":"https:\/\/10.10.3.106\/vocalias\/?page_id=736"},"modified":"2023-12-04T18:12:23","modified_gmt":"2023-12-04T18:12:23","slug":"publicaciones-2024","status":"publish","type":"page","link":"https:\/\/sistemaselec.ieem.org.mx\/vocalias\/publicaciones-2024\/","title":{"rendered":"Publicaciones_2024"},"content":{"rendered":"\n<h2 class=\"wp-block-heading\">PUBLICACIONES<\/h2>\n\n\n\n<div class=\"wp-block-columns lista-desempeno is-layout-flex wp-container-core-columns-is-layout-9d6595d7 wp-block-columns-is-layout-flex\">\n<div class=\"wp-block-column generales-lista is-layout-flow wp-block-column-is-layout-flow\"><div id=\"sp-ea-854\" class=\"sp-ea-one sp-easy-accordion\" data-ex-icon=\"fa-minus\" data-col-icon=\"fa-plus\"  data-ea-active=\"ea-click\"  data-ea-mode=\"vertical\" data-preloader=\"\"><div class=\"ea-card ea-expand sp-ea-single\"><h3 class=\"ea-header\"><a class=\"collapsed\" data-sptoggle=\"spcollapse\" data-sptarget=#collapse8540 href=\"javascript:void(0)\" aria-expanded=\"true\"><i class=\"ea-expand-icon fa fa-minus\"><\/i> 30 de agosto de 2024<\/a><\/h3><div class=\"sp-collapse spcollapse collapsed show\" id=\"collapse8540\" data-parent=#sp-ea-854><div class=\"ea-body\"><ul>\n<li><a href=\"https:\/\/sistemaselec.ieem.org.mx\/vocalias\/wp-content\/uploads\/2024\/DICTAMENES_VOCALIAS_DISTRITALES-ok.pdf\">\u2060Dict\u00e1menes de resultados de la evaluaci\u00f3n del desempe\u00f1o de vocal\u00edas de juntas distritales<\/a><\/li>\n<li><a href=\"https:\/\/sistemaselec.ieem.org.mx\/vocalias\/wp-content\/uploads\/2024\/4._DICTAMENES_VOCALIAS_MUNICIPALES.pdf\">\u2060Dict\u00e1menes de resultados de la evaluaci\u00f3n del desempe\u00f1o de vocal\u00edas de juntas municipales.<\/a><\/li>\n<\/ul>\n<\/div><\/div><\/div><div class=\"ea-card  sp-ea-single\"><h3 class=\"ea-header\"><a class=\"collapsed\" data-sptoggle=\"spcollapse\" data-sptarget=#collapse8541 href=\"javascript:void(0)\" aria-expanded=\"false\"><i class=\"ea-expand-icon fa fa-plus\"><\/i> 14 de diciembre de 2023<\/a><\/h3><div class=\"sp-collapse spcollapse \" id=\"collapse8541\" data-parent=#sp-ea-854><div class=\"ea-body\"><ul>\n<li><a href=\"https:\/\/10.10.3.106\/vocalias\/wp-content\/uploads\/2023\/docs\/Publicacion_de_folios_y_resultados_de_la_Entrevista.pdf\">Publicaci\u00f3n de folios y resultados de la entrevista.<\/a><\/li>\n<li><a href=\"https:\/\/sistemaselec.ieem.org.mx\/vocalias\/wp-content\/uploads\/2023\/docs\/Publicacion_de_folios_no_asistieron_entrevista.pdf\">Publicaci\u00f3n de folios de las personas aspirantes que no asistieron a la entrevista y causaron baja del Concurso.<\/a><\/li>\n<\/ul>\n<\/div><\/div><\/div><div class=\"ea-card  sp-ea-single\"><h3 class=\"ea-header\"><a class=\"collapsed\" data-sptoggle=\"spcollapse\" data-sptarget=#collapse8542 href=\"javascript:void(0)\" aria-expanded=\"false\"><i class=\"ea-expand-icon fa fa-plus\"><\/i> 13 de diciembre de 2023<\/a><\/h3><div class=\"sp-collapse spcollapse \" id=\"collapse8542\" data-parent=#sp-ea-854><div class=\"ea-body\"><p><a href=\"https:\/\/sistemaselec.ieem.org.mx\/vocalias\/wp-content\/uploads\/2023\/docs\/Publicacion_de_Folios_y_Resultados_de_la_Valoracion_Curricular.pdf\">Publicaci\u00f3n de folios y resultados de la valoraci\u00f3n curricular.<\/a><\/p>\n<\/div><\/div><\/div><div class=\"ea-card  sp-ea-single\"><h3 class=\"ea-header\"><a class=\"collapsed\" data-sptoggle=\"spcollapse\" data-sptarget=#collapse8543 href=\"javascript:void(0)\" aria-expanded=\"false\"><i class=\"ea-expand-icon fa fa-plus\"><\/i> 4 de diciembre de 2023<\/a><\/h3><div class=\"sp-collapse spcollapse \" id=\"collapse8543\" data-parent=#sp-ea-854><div class=\"ea-body\"><p><a href=\"https:\/\/sistemaselec.ieem.org.mx\/vocalias\/wp-content\/uploads\/Publicacion_de_entrevista.pdf\">Publicaci\u00f3n de folios , grupos, fechas, medio y horarios para la entrevista<\/a><\/p>\n<\/div><\/div><\/div><div class=\"ea-card  sp-ea-single\"><h3 class=\"ea-header\"><a class=\"collapsed\" data-sptoggle=\"spcollapse\" data-sptarget=#collapse8544 href=\"javascript:void(0)\" aria-expanded=\"false\"><i class=\"ea-expand-icon fa fa-plus\"><\/i> 1 de diciembre de 2023<\/a><\/h3><div class=\"sp-collapse spcollapse \" id=\"collapse8544\" data-parent=#sp-ea-854><div class=\"ea-body\"><ul>\n<li><a href=\"https:\/\/sistemaselec.ieem.org.mx\/vocalias\/wp-content\/uploads\/Publicacion_de_folios_y_calificaciones_del_examen.pdf\"><u>Publicaci\u00f3n de folios y calificaciones del examen<\/u><\/a><\/li>\n<li><a href=\"https:\/\/sistemaselec.ieem.org.mx\/vocalias\/wp-content\/uploads\/Publicacion_de_folios_de_aspirantes_que_pasan_a_la_valoracion_curricular.pdf\"><u>Publicaci\u00f3n de folios de aspirantes que pasan a la valoraci\u00f3n curricular<\/u><\/a><\/li>\n<\/ul>\n<\/div><\/div><\/div><div class=\"ea-card  sp-ea-single\"><h3 class=\"ea-header\"><a class=\"collapsed\" data-sptoggle=\"spcollapse\" data-sptarget=#collapse8545 href=\"javascript:void(0)\" aria-expanded=\"false\"><i class=\"ea-expand-icon fa fa-plus\"><\/i> 14 de noviembre de 2023<\/a><\/h3><div class=\"sp-collapse spcollapse \" id=\"collapse8545\" data-parent=#sp-ea-854><div class=\"ea-body\"><ul>\n<li><a style=\"text-decoration: underline\" href=\"https:\/\/sistemaselec.ieem.org.mx\/vocalias\/wp-content\/uploads\/2023\/docs\/Aspirantes_Presentan_Examen.pdf\">Publicaci\u00f3n de folios, fecha y horarios para realizar el simulacro y el examen.<\/a><\/li>\n<li><a style=\"text-decoration: underline\" href=\"https:\/\/sistemaselec.ieem.org.mx\/vocalias\/wp-content\/uploads\/2023\/docs\/Aspirantes_No_Presentan_Examen.pdf\"><u>Publicaci\u00f3n <\/u><u>de folios de las personas aspirantes sin derecho a presentar el examen<\/u><\/a><\/li>\n<\/ul>\n<\/div><\/div><\/div><\/div>\n<\/div>\n<\/div>\n","protected":false},"excerpt":{"rendered":"<p>PUBLICACIONES<\/p>\n","protected":false},"author":1,"featured_media":0,"parent":0,"menu_order":0,"comment_status":"closed","ping_status":"open","template":"","meta":{"footnotes":""},"class_list":["post-736","page","type-page","status-publish","hentry"],"_links":{"self":[{"href":"https:\/\/sistemaselec.ieem.org.mx\/vocalias\/wp-json\/wp\/v2\/pages\/736","targetHints":{"allow":["GET"]}}],"collection":[{"href":"https:\/\/sistemaselec.ieem.org.mx\/vocalias\/wp-json\/wp\/v2\/pages"}],"about":[{"href":"https:\/\/sistemaselec.ieem.org.mx\/vocalias\/wp-json\/wp\/v2\/types\/page"}],"author":[{"embeddable":true,"href":"https:\/\/sistemaselec.ieem.org.mx\/vocalias\/wp-json\/wp\/v2\/users\/1"}],"replies":[{"embeddable":true,"href":"https:\/\/sistemaselec.ieem.org.mx\/vocalias\/wp-json\/wp\/v2\/comments?post=736"}],"version-history":[{"count":3,"href":"https:\/\/sistemaselec.ieem.org.mx\/vocalias\/wp-json\/wp\/v2\/pages\/736\/revisions"}],"predecessor-version":[{"id":875,"href":"https:\/\/sistemaselec.ieem.org.mx\/vocalias\/wp-json\/wp\/v2\/pages\/736\/revisions\/875"}],"wp:attachment":[{"href":"https:\/\/sistemaselec.ieem.org.mx\/vocalias\/wp-json\/wp\/v2\/media?parent=736"}],"curies":[{"name":"wp","href":"https:\/\/api.w.org\/{rel}","templated":true}]}}