

{"id":734,"date":"2023-10-03T21:55:25","date_gmt":"2023-10-03T21:55:25","guid":{"rendered":"https:\/\/10.10.3.106\/vocalias\/?page_id=734"},"modified":"2023-12-01T18:25:52","modified_gmt":"2023-12-01T18:25:52","slug":"avisos-2024","status":"publish","type":"page","link":"https:\/\/sistemaselec.ieem.org.mx\/vocalias\/avisos-2024\/","title":{"rendered":"Avisos 2024"},"content":{"rendered":"\n<h2 class=\"wp-block-heading\">AVISOS<\/h2>\n\n\n\n<div class=\"wp-block-columns is-layout-flex wp-container-core-columns-is-layout-9d6595d7 wp-block-columns-is-layout-flex\">\n<div class=\"wp-block-column generales-lista is-layout-flow wp-block-column-is-layout-flow\"><div id=\"sp-ea-869\" class=\"sp-ea-one sp-easy-accordion\" data-ex-icon=\"fa-minus\" data-col-icon=\"fa-plus\"  data-ea-active=\"ea-click\"  data-ea-mode=\"vertical\" data-preloader=\"\"><div class=\"ea-card ea-expand sp-ea-single\"><h3 class=\"ea-header\"><a class=\"collapsed\" data-sptoggle=\"spcollapse\" data-sptarget=#collapse8690 href=\"javascript:void(0)\" aria-expanded=\"true\"><i class=\"ea-expand-icon fa fa-minus\"><\/i> Aviso 10-10-2023<\/a><\/h3><div class=\"sp-collapse spcollapse collapsed show\" id=\"collapse8690\" data-parent=#sp-ea-869><div class=\"ea-body\"><p>Si al realizar tu Preinscripci\u00f3n aparece el mensaje \u201cLa secci\u00f3n electoral no existe\u201d y est\u00e1s seguro (a) de haberla ingresado tal cual aparece en tu credencial para votar, es probable que la secci\u00f3n electoral haya sido afectada, derivado de las modificaciones al marco geogr\u00e1fico electoral del Estado de M\u00e9xico; por lo tanto, para poder registrarte deber\u00e1s colocar tu secci\u00f3n electoral anterior, en caso de tener alguna duda te sugerimos comunicarte al Instituto Nacional Electoral al tel\u00e9fono:\u00a0<b>800 433 <\/b><b>2000<\/b>.<\/p>\n<p>A partir de las modificaciones al marco geogr\u00e1fico electoral aprobadas por el INE mediante el acuerdo <b>INE\/CG518\/2023<\/b>, el Consejo General del IEEM atender\u00e1 lo conducente, a efecto de garantizar que las personas aspirantes que sean designadas en las vocal\u00edas puedan\u00a0desempe\u00f1ar\u00a0sus funciones\u00a0dentro del distrito o municipio que les corresponda.<\/p>\n<\/div><\/div><\/div><\/div>\n<\/div>\n<\/div>\n","protected":false},"excerpt":{"rendered":"<p>AVISOS<\/p>\n","protected":false},"author":1,"featured_media":0,"parent":0,"menu_order":0,"comment_status":"closed","ping_status":"open","template":"","meta":{"footnotes":""},"class_list":["post-734","page","type-page","status-publish","hentry"],"_links":{"self":[{"href":"https:\/\/sistemaselec.ieem.org.mx\/vocalias\/wp-json\/wp\/v2\/pages\/734","targetHints":{"allow":["GET"]}}],"collection":[{"href":"https:\/\/sistemaselec.ieem.org.mx\/vocalias\/wp-json\/wp\/v2\/pages"}],"about":[{"href":"https:\/\/sistemaselec.ieem.org.mx\/vocalias\/wp-json\/wp\/v2\/types\/page"}],"author":[{"embeddable":true,"href":"https:\/\/sistemaselec.ieem.org.mx\/vocalias\/wp-json\/wp\/v2\/users\/1"}],"replies":[{"embeddable":true,"href":"https:\/\/sistemaselec.ieem.org.mx\/vocalias\/wp-json\/wp\/v2\/comments?post=734"}],"version-history":[{"count":2,"href":"https:\/\/sistemaselec.ieem.org.mx\/vocalias\/wp-json\/wp\/v2\/pages\/734\/revisions"}],"predecessor-version":[{"id":871,"href":"https:\/\/sistemaselec.ieem.org.mx\/vocalias\/wp-json\/wp\/v2\/pages\/734\/revisions\/871"}],"wp:attachment":[{"href":"https:\/\/sistemaselec.ieem.org.mx\/vocalias\/wp-json\/wp\/v2\/media?parent=734"}],"curies":[{"name":"wp","href":"https:\/\/api.w.org\/{rel}","templated":true}]}}