

{"id":19,"date":"2022-10-17T18:28:11","date_gmt":"2022-10-17T18:28:11","guid":{"rendered":"https:\/\/10.10.3.106\/monitoristas2023\/?page_id=19"},"modified":"2022-10-18T17:53:47","modified_gmt":"2022-10-18T17:53:47","slug":"guia-de-estudio","status":"publish","type":"page","link":"https:\/\/sistemaselec.ieem.org.mx\/monitoristas2023\/guia-de-estudio\/","title":{"rendered":"Gu\u00eda de estudio"},"content":{"rendered":"\n<h2 class=\"wp-block-heading\">Gu\u00eda de estudio<\/h2>\n\n\n\n<article class=\"contenedor_lista\">\n<ul>\n   <li class=\"instructivo\"><a href=\"https:\/\/10.10.3.106\/monitoristas2023\/wp-content\/docs\/guia_de_estudios.pdf\" target=\"_blank\" rel=\"noopener\">Gu\u00eda<strong>de estudios<\/strong><\/a><\/li>\n<\/ul>\n<\/article>\n\n\n\n<h3 class=\"has-text-align-center wp-block-heading\">Bibliograf\u00eda<\/h3>\n\n\n\n<article class=\"contenedor_lista\">\n<ul>\n<li class=\"ley\"><a href=\"https:\/\/10.10.3.106\/monitoristas2023\/wp-content\/docs\/Codigo_Electoral_edomex.pdf\" target=\"_blank\" rel=\"noopener\">Co\u0301digo Electoral<strong>del Estado de Me\u0301xico<\/strong><\/a><\/li>\n\n   <li class=\"ley\"><a href=\"https:\/\/10.10.3.106\/monitoristas2023\/wp-content\/docs\/LEY_GENERAL_DE_ACCESO_DE_LAS_MUJERES_A_UNA_VIDA_LIBRE_DE_VIOLENCIA.pdf\" target=\"_blank\" rel=\"noopener\">Ley general<strong>de acceso de las mujeres a una vida libre de violencia<\/strong><\/a><\/li>\n\n   <li class=\"ley\"><a href=\"https:\/\/10.10.3.106\/monitoristas2023\/wp-content\/docs\/LEY_GENERAL_EN_MATERIA_DE_DELITOS_ELECTORALES.pdf\" target=\"_blank\" rel=\"noopener\">Ley general<strong>materia de delitos electorales<\/strong><\/a><\/li>\n\n   <li class=\"protocolo\"><a href=\"https:\/\/10.10.3.106\/monitoristas2023\/wp-content\/docs\/Lineamientos_de_Monitoreo.pdf\" target=\"_blank\" rel=\"noopener\">Lineamientos<strong>de Monitoreo<\/strong><\/a><\/li>\n\n   <li class=\"instructivo\"><a href=\"https:\/\/10.10.3.106\/monitoristas2023\/wp-content\/docs\/Manual_de_procedimientos_monitoreo_alternos_y_cine.pdf\" target=\"_blank\" rel=\"noopener\">Manual<strong>de procedimientos monitoreo alternos y cine<\/strong><\/a><\/li>\n<\/ul>\n<\/article>\n","protected":false},"excerpt":{"rendered":"<p>Gu\u00eda de estudio Gu\u00edade estudios Bibliograf\u00eda Co\u0301digo Electoraldel Estado de Me\u0301xico Ley generalde acceso de [&hellip;]<\/p>\n","protected":false},"author":1,"featured_media":0,"parent":0,"menu_order":0,"comment_status":"closed","ping_status":"closed","template":"","meta":{"footnotes":""},"class_list":["post-19","page","type-page","status-publish","hentry"],"_links":{"self":[{"href":"https:\/\/sistemaselec.ieem.org.mx\/monitoristas2023\/wp-json\/wp\/v2\/pages\/19","targetHints":{"allow":["GET"]}}],"collection":[{"href":"https:\/\/sistemaselec.ieem.org.mx\/monitoristas2023\/wp-json\/wp\/v2\/pages"}],"about":[{"href":"https:\/\/sistemaselec.ieem.org.mx\/monitoristas2023\/wp-json\/wp\/v2\/types\/page"}],"author":[{"embeddable":true,"href":"https:\/\/sistemaselec.ieem.org.mx\/monitoristas2023\/wp-json\/wp\/v2\/users\/1"}],"replies":[{"embeddable":true,"href":"https:\/\/sistemaselec.ieem.org.mx\/monitoristas2023\/wp-json\/wp\/v2\/comments?post=19"}],"version-history":[{"count":15,"href":"https:\/\/sistemaselec.ieem.org.mx\/monitoristas2023\/wp-json\/wp\/v2\/pages\/19\/revisions"}],"predecessor-version":[{"id":67,"href":"https:\/\/sistemaselec.ieem.org.mx\/monitoristas2023\/wp-json\/wp\/v2\/pages\/19\/revisions\/67"}],"wp:attachment":[{"href":"https:\/\/sistemaselec.ieem.org.mx\/monitoristas2023\/wp-json\/wp\/v2\/media?parent=19"}],"curies":[{"name":"wp","href":"https:\/\/api.w.org\/{rel}","templated":true}]}}