

{"id":154,"date":"2023-02-17T23:24:25","date_gmt":"2023-02-17T23:24:25","guid":{"rendered":"https:\/\/10.10.3.106\/monitoristas2023\/?page_id=154"},"modified":"2023-02-17T23:36:54","modified_gmt":"2023-02-17T23:36:54","slug":"informes-de-monitoreo-a-medios-de-comunicacion-electronicos-impresos-internet-alternos-y-cine","status":"publish","type":"page","link":"https:\/\/sistemaselec.ieem.org.mx\/monitoristas2023\/informes-de-monitoreo-a-medios-de-comunicacion-electronicos-impresos-internet-alternos-y-cine\/","title":{"rendered":"Informes de Monitoreo a Medios de Comunicaci\u00f3n Electr\u00f3nicos, Impresos, Internet, Alternos y Cine"},"content":{"rendered":"\n<p><\/p>\n\n\n\n<br><br>\n\n\n<div id=\"sp-ea-156\" class=\"sp-ea-one sp-easy-accordion\" data-ex-icon=\"fa-minus\" data-col-icon=\"fa-plus\"  data-ea-active=\"ea-click\"  data-ea-mode=\"vertical\" data-preloader=\"\"><div class=\"ea-card ea-expand sp-ea-single\"><h3 class=\"ea-header\"><a class=\"collapsed\" data-sptoggle=\"spcollapse\" data-sptarget=#collapse1560 href=\"javascript:void(0)\"  aria-expanded=\"true\"><i class=\"ea-expand-icon fa fa-minus\"><\/i> Informe Final Acumulado <\/a><\/h3><div class=\"sp-collapse spcollapse collapsed show\" id=\"collapse1560\" data-parent=#sp-ea-156><div class=\"ea-body\"><p><a href=\"https:\/\/10.10.3.106\/monitoristas2023\/wp-content\/docs\/informes\/informe-final-acumulado\/alternos\/Informe_FINAL_ACUMULADO_Alternos.pdf\">\u2022 Informe Final Acumulado del Monitoreo a Medios de Comunicaci\u00f3n Alternos y Cine.<\/a><\/p>\n<p><a href=\"https:\/\/10.10.3.106\/monitoristas2023\/wp-content\/docs\/informes\/informe-final-acumulado\/alternos\/BD_INFORME_FINAL_ACUMULADO.xlsx.zip\">\u2212 Base de datos del Monitoreo a Medios de Comunicaci\u00f3n Alternos y Cine, del Informe Final Acumulado<\/a><\/p>\n<p><a href=\"https:\/\/10.10.3.106\/monitoristas2023\/wp-content\/docs\/informes\/informe-final-acumulado\/electronicos\/Informe_Final_Acumulado.pdf\">\u2022 Informe Final Acumulado del Monitoreo a Medios de Comunicaci\u00f3n Electr\u00f3nicos, Impresos e Internet.<\/a><\/p>\n<p><a href=\"https:\/\/10.10.3.106\/monitoristas2023\/wp-content\/docs\/informes\/informe-final-acumulado\/electronicos\/Reporte_a_Detalle_Final_Acumulado_Electronicos.xlsx.zip\">\u2212 Reporte a detalle del Monitoreo a Medios de Comunicaci\u00f3n Electr\u00f3nicos, Impresos e Internet, del Informe Final Acumulado<\/a><\/p>\n<\/div><\/div><\/div><div class=\"ea-card  sp-ea-single\"><h3 class=\"ea-header\"><a class=\"collapsed\" data-sptoggle=\"spcollapse\" data-sptarget=#collapse1561 href=\"javascript:void(0)\"  aria-expanded=\"false\"><i class=\"ea-expand-icon fa fa-plus\"><\/i> Informa Final periodo de Campa\u00f1a 2023 rme<\/a><\/h3><div class=\"sp-collapse spcollapse \" id=\"collapse1561\" data-parent=#sp-ea-156><div class=\"ea-body\"><p><a href=\"https:\/\/10.10.3.106\/monitoristas2023\/wp-content\/docs\/informes\/Final_campanas\/alternos\/Informe_Final _Alternos_Campana.pdf\">\u2022 Informe Final del periodo de Campa\u00f1a 2023 del Monitoreo a Medios de Comunicaci\u00f3n Alternos y Cine.<\/a><\/p>\n<p><a href=\"https:\/\/10.10.3.106\/monitoristas2023\/wp-content\/docs\/informes\/Final_campanas\/alternos\/BD_Informe_Final _Alternos_Campana..xlsx.zip\">\u2212 Base de datos del Monitoreo a Medios de Comunicaci\u00f3n Alternos y Cine, del Informe Final del periodo de Campa\u00f1a.<\/a><\/p>\n<p><a href=\"https:\/\/10.10.3.106\/monitoristas2023\/wp-content\/docs\/informes\/Final_campanas\/electronicos\/Informe_Final_de_Campana.pdf\">\u2022 Informe Final del periodo de Campa\u00f1a 2023 del Monitoreo a Medios de Comunicaci\u00f3n Electr\u00f3nicos, Impresos e Internet.<\/a><\/p>\n<p><a href=\"https:\/\/10.10.3.106\/monitoristas2023\/wp-content\/docs\/informes\/Final_campanas\/electronicos\/Detalle_Final_Campana.xlsx.zip\">\u2212 Reporte a detalle del Monitoreo a Medios de Comunicaci\u00f3n Electr\u00f3nicos, Impresos e Internet, del Informe Final del periodo de Campa\u00f1a.<\/a><\/p>\n<\/div><\/div><\/div><div class=\"ea-card  sp-ea-single\"><h3 class=\"ea-header\"><a class=\"collapsed\" data-sptoggle=\"spcollapse\" data-sptarget=#collapse1562 href=\"javascript:void(0)\"  aria-expanded=\"false\"><i class=\"ea-expand-icon fa fa-plus\"><\/i> Cuarto Informe Quincenal del periodo de Campa\u00f1a 2023 <\/a><\/h3><div class=\"sp-collapse spcollapse \" id=\"collapse1562\" data-parent=#sp-ea-156><div class=\"ea-body\"><p><a href=\"https:\/\/10.10.3.106\/monitoristas2023\/wp-content\/docs\/informes\/4o_informe_campanas\/alternos\/Alternos_Campana.pdf\">\u2022 Cuarto Informe Quincenal del periodo de Campa\u00f1a 2023 del Monitoreo a Medios de Comunicaci\u00f3n Alternos y Cine.<\/a><\/p>\n<p><a href=\"https:\/\/10.10.3.106\/monitoristas2023\/wp-content\/docs\/informes\/4o_informe_campanas\/alternos\/BD_4toinforme.xlsx.zip\">\u2212 Base de datos del Monitoreo a Medios de Comunicaci\u00f3n Alternos y Cine, del Cuarto Informe Quincenal de Campa\u00f1a..<\/a><\/p>\n<p><a href=\"https:\/\/10.10.3.106\/monitoristas2023\/wp-content\/docs\/informes\/4o_informe_campanas\/electronicos\/electronico_campana.pdf\">\u2022 Cuarto Informe Quincenal del periodo de Campa\u00f1a 2023 del Monitoreo a Medios de Comunicaci\u00f3n Electr\u00f3nicos, Impresos e Internet.<\/a><\/p>\n<p><a href=\"\/\/10.10.3.106\/monitoristas2023\/wp-content\/docs\/informes\/4o_informe_campanas\/electronicos\/Reporte_Detalle_4to_campana.xlsx.zip\">\u2212 Reporte a detalle del Monitoreo a Medios de Comunicaci\u00f3n Electr\u00f3nicos, Impresos e Internet, del Cuarto Informe Quincenal de Campa\u00f1a.<\/a><\/p>\n<\/div><\/div><\/div><div class=\"ea-card  sp-ea-single\"><h3 class=\"ea-header\"><a class=\"collapsed\" data-sptoggle=\"spcollapse\" data-sptarget=#collapse1563 href=\"javascript:void(0)\"  aria-expanded=\"false\"><i class=\"ea-expand-icon fa fa-plus\"><\/i> Tercer Informe Quincenal del periodo de Campa\u00f1a 2023 <\/a><\/h3><div class=\"sp-collapse spcollapse \" id=\"collapse1563\" data-parent=#sp-ea-156><div class=\"ea-body\"><p><a href=\"https:\/\/10.10.3.106\/monitoristas2023\/wp-content\/docs\/informes\/3re_quincenal_campanas\/Alternos\/3er_Informe_alternos_campana.pdf\">\u2022 Tercer Informe Quincenal del periodo de Campa\u00f1a 2023 del Monitoreo a Medios de Comunicaci\u00f3n Alternos y Cine.<\/a><\/p>\n<p><a href=\"https:\/\/10.10.3.106\/monitoristas2023\/wp-content\/docs\/informes\/3re_quincenal_campanas\/Alternos\/BD_Campana_alternos.xlsx.zip\">\u2212 Base de datos del Monitoreo a Medios de Comunicaci\u00f3n Alternos y Cine, del Tercer Informe Quincenal de Campa\u00f1a.<\/a><\/p>\n<p><a href=\"https:\/\/10.10.3.106\/monitoristas2023\/wp-content\/docs\/informes\/3re_quincenal_campanas\/Electronicos\/3er_Informe_Quincenal_Campana.pdf\">\u2022 Tercer Informe Quincenal del periodo de Campa\u00f1a 2023 del Monitoreo a Medios de Comunicaci\u00f3n Electr\u00f3nicos, Impresos e Internet.<\/a><\/p>\n<p><a href=\"https:\/\/10.10.3.106\/monitoristas2023\/wp-content\/docs\/informes\/3re_quincenal_campanas\/Electronicos\/Reporte_Detalle_Campana.xlsx.zip\">\u2212 Reporte a detalle del Monitoreo a Medios de Comunicaci\u00f3n Electr\u00f3nicos, Impresos e Internet, del Tercer Informe Quincenal de Campa\u00f1a.<\/a><\/p>\n<\/div><\/div><\/div><div class=\"ea-card  sp-ea-single\"><h3 class=\"ea-header\"><a class=\"collapsed\" data-sptoggle=\"spcollapse\" data-sptarget=#collapse1564 href=\"javascript:void(0)\"  aria-expanded=\"false\"><i class=\"ea-expand-icon fa fa-plus\"><\/i> Segundo Informe Quincenal del periodo de Campa\u00f1a 2023 <\/a><\/h3><div class=\"sp-collapse spcollapse \" id=\"collapse1564\" data-parent=#sp-ea-156><div class=\"ea-body\"><p><a href=\"https:\/\/10.10.3.106\/monitoristas2023\/wp-content\/docs\/informes\/2do_quincenal_campanas\/alternos\/2do_Informe_Alternos.pdf\">\u2022 Segundo Informe Quincenal del periodo de Campa\u00f1a 2023 del Monitoreo a Medios de Comunicaci\u00f3n Alternos y Cine.<\/a><\/p>\n<p><a href=\"https:\/\/10.10.3.106\/monitoristas2023\/wp-content\/docs\/informes\/2do_quincenal_campanas\/alternos\/BD_2do_Alternos.xlsx.zip\">\u2212 Base de datos del Monitoreo a Medios de Comunicaci\u00f3n Alternos y Cine, del Primer Informe Quincenal de Campa\u00f1a.<\/a><\/p>\n<p><a href=\"https:\/\/10.10.3.106\/monitoristas2023\/wp-content\/docs\/informes\/2do_quincenal_campanas\/electronicos\/2do_Informe_Quincenal.pdf\">\u2022 Segundo Informe Quincenal del periodo de Campa\u00f1a 2023 del Monitoreo a Medios de Comunicaci\u00f3n Electr\u00f3nicos, Impresos e Internet.<\/a><\/p>\n<p><a href=\"https:\/\/10.10.3.106\/monitoristas2023\/wp-content\/docs\/informes\/2do_quincenal_campanas\/electronicos\/Reporte_a_Detalle.xlsx.zip\">\u2212 Reporte a detalle del Monitoreo a Medios de Comunicaci\u00f3n Electr\u00f3nicos, Impresos e Internet, del Primer Informe Quincenal de Campa\u00f1a.<\/a><\/p>\n<\/div><\/div><\/div><div class=\"ea-card  sp-ea-single\"><h3 class=\"ea-header\"><a class=\"collapsed\" data-sptoggle=\"spcollapse\" data-sptarget=#collapse1565 href=\"javascript:void(0)\"  aria-expanded=\"false\"><i class=\"ea-expand-icon fa fa-plus\"><\/i> Primer Informe Quincenal del periodo de Campa\u00f1a 2023 <\/a><\/h3><div class=\"sp-collapse spcollapse \" id=\"collapse1565\" data-parent=#sp-ea-156><div class=\"ea-body\"><p><a href=\"https:\/\/10.10.3.106\/monitoristas2023\/wp-content\/docs\/informes\/1er_quincenal_campanas\/alternos\/1er_Informe_Quincenal_Alternos_Campana.pptx.zip\">\u2022 Primer Informe Quincenal del periodo de Campa\u00f1a 2023 del Monitoreo a Medios de Comunicaci\u00f3n Alternos y Cine.<\/a><\/p>\n<p><a href=\"https:\/\/10.10.3.106\/monitoristas2023\/wp-content\/docs\/informes\/1er_quincenal_campanas\/alternos\/BD_campana_1er_corte_quincenal.xlsx.zip\">\u2212 Base de datos del Monitoreo a Medios de Comunicaci\u00f3n Alternos y Cine, del Primer Informe Quincenal de Campa\u00f1a.<\/a><\/p>\n<p><a href=\"https:\/\/10.10.3.106\/monitoristas2023\/wp-content\/docs\/informes\/1er_quincenal_campanas\/electronicos\/1er_Informe_Quincenal_Campana.pdf\">\u2022 Primer Informe Quincenal del periodo de Campa\u00f1a 2023 del Monitoreo a Medios de Comunicaci\u00f3n Electr\u00f3nicos, Impresos e Internet.<\/a><\/p>\n<p><a href=\"https:\/\/10.10.3.106\/monitoristas2023\/wp-content\/docs\/informes\/1er_quincenal_campanas\/electronicos\/Reporte_Detalle1er_Informe_Quincenal_Campana.xlsx.zip\">\u2212 Reporte a detalle del Monitoreo a Medios de Comunicaci\u00f3n Electr\u00f3nicos, Impresos e Internet, del Primer Informe Quincenal de Campa\u00f1a.<\/a><\/p>\n<\/div><\/div><\/div><div class=\"ea-card  sp-ea-single\"><h3 class=\"ea-header\"><a class=\"collapsed\" data-sptoggle=\"spcollapse\" data-sptarget=#collapse1566 href=\"javascript:void(0)\"  aria-expanded=\"false\"><i class=\"ea-expand-icon fa fa-plus\"><\/i> Informe Final del periodo de Intercampa\u00f1a 2023<\/a><\/h3><div class=\"sp-collapse spcollapse \" id=\"collapse1566\" data-parent=#sp-ea-156><div class=\"ea-body\"><p><a href=\"https:\/\/10.10.3.106\/monitoristas2023\/wp-content\/docs\/informes\/Final_intercampanas\/alternos\/Informe_Final_Monitoreo_Alternos_Intercampana.pdf\">\u2022 Informe Final del periodo de Intercampa\u00f1a 2023 del Monitoreo a Medios de Comunicaci\u00f3n Alternos y Cine.<\/a><br \/>\n<a href=\"https:\/\/10.10.3.106\/monitoristas2023\/wp-content\/docs\/informes\/Final_intercampanas\/alternos\/BD_FINAL_ACUMULADO_NTERCAMPANA.xlsx.zip\">\u2212 Base de datos del Monitoreo a Medios de Comunicaci\u00f3n Alternos y Cine, del Informe Final de Intercampa\u00f1a.<\/a><\/p>\n<p><a href=\"https:\/\/10.10.3.106\/monitoristas2023\/wp-content\/docs\/informes\/Final_intercampanas\/electronicos\/Informe_Final_Intercampana.pdf\">\u2022 Informe Final del periodo de Intercampa\u00f1a 2023 del Monitoreo a Medios de Comunicaci\u00f3n Electr\u00f3nicos, Impresos e Internet.<\/a><br \/>\n<a href=\"https:\/\/10.10.3.106\/monitoristas2023\/wp-content\/docs\/informes\/Final_intercampanas\/electronicos\/Reporte_Detalle_Final_Intercampana.xlsx.zip\">\u2212 Reporte a detalle del Monitoreo a Medios de Comunicaci\u00f3n Electr\u00f3nicos, Impresos e Internet, del Informe Final de Intercampa\u00f1a.<\/a><\/p>\n<\/div><\/div><\/div><div class=\"ea-card  sp-ea-single\"><h3 class=\"ea-header\"><a class=\"collapsed\" data-sptoggle=\"spcollapse\" data-sptarget=#collapse1567 href=\"javascript:void(0)\"  aria-expanded=\"false\"><i class=\"ea-expand-icon fa fa-plus\"><\/i> Tercer Informe Quincenal del periodo de Intercampa\u00f1a 2023<\/a><\/h3><div class=\"sp-collapse spcollapse \" id=\"collapse1567\" data-parent=#sp-ea-156><div class=\"ea-body\"><p><a href=\"https:\/\/10.10.3.106\/monitoristas2023\/wp-content\/docs\/informes\/3er_quincenal_intercampanas\/alternos\/Tercer_Informe_Quincenal_Monitoreo_Alternos_Intercampana.pdf\">\u2022 Tercer Informe Quincenal del periodo de Intercampa\u00f1a 2023 del Monitoreo a Medios de Comunicaci\u00f3n Alternos y Cine.<\/a><br \/>\n<a href=\"https:\/\/10.10.3.106\/monitoristas2023\/wp-content\/docs\/informes\/3er_quincenal_intercampanas\/alternos\/BD_15marzo_2abril_2023_Ok.xlsx.zip\">\u00a0\u00a0\u00a0 \u2212 Base de datos del Monitoreo a Medios de Comunicaci\u00f3n Alternos y Cine, del Tercer Informe Quincenal de Intercampa\u00f1a.<\/a><\/p>\n<p>\u00a0<\/p>\n<p><a href=\"https:\/\/10.10.3.106\/monitoristas2023\/wp-content\/docs\/informes\/3er_quincenal_intercampanas\/electronicos\/Tercer_Informe_Quincenal_Intercampana.pdf\">\u2022 Tercer Informe Quincenal del periodo de Intercampa\u00f1a 2023 del Monitoreo a Medios de Comunicaci\u00f3n Electr\u00f3nicos, Impresos e Internet.<\/a><br \/>\n<a href=\"https:\/\/10.10.3.106\/monitoristas2023\/wp-content\/docs\/informes\/3er_quincenal_intercampanas\/electronicos\/Reporte_Detalle_3er_Quincenal_Intercampana.xlsx.zip\"> \u2212 Reporte a detalle del Monitoreo a Medios de Comunicaci\u00f3n Electr\u00f3nicos, Impresos e Internet, del Tercer Informe Quincenal de Intercampa\u00f1a.<\/a><\/p>\n<p>\u00a0<\/p>\n<\/div><\/div><\/div><div class=\"ea-card  sp-ea-single\"><h3 class=\"ea-header\"><a class=\"collapsed\" data-sptoggle=\"spcollapse\" data-sptarget=#collapse1568 href=\"javascript:void(0)\"  aria-expanded=\"false\"><i class=\"ea-expand-icon fa fa-plus\"><\/i> Segundo Informe Quincenal del periodo de Intercampa\u00f1a 2023 <\/a><\/h3><div class=\"sp-collapse spcollapse \" id=\"collapse1568\" data-parent=#sp-ea-156><div class=\"ea-body\"><p><a href=\"https:\/\/10.10.3.106\/monitoristas2023\/wp-content\/docs\/informes\/2do_Quincenal_Intercampana_Alternos\/Segundo_Informe_Quincenal_Monitoreo_Alternos_Intercampana.pdf\">\u2022 Segundo Informe Quincenal del periodo de Intercampa\u00f1a 2023 del Monitoreo a Medios de Comunicaci\u00f3n Alternos y Cine.<\/a><\/p>\n<p><a href=\"https:\/\/10.10.3.106\/monitoristas2023\/wp-content\/docs\/informes\/2do_Quincenal_Intercampana_Alternos\/Base_Segundo_Quincenal_Intercampana_Alternos.zip\">\u2212 Base de datos del Monitoreo a Medios de Comunicaci\u00f3n Alternos y Cine, del Segundo Informe Quincenal de Intercampa\u00f1a.<\/a><\/p>\n<p><a href=\"https:\/\/10.10.3.106\/monitoristas2023\/wp-content\/docs\/informes\/2do_Quincenal_Intercampana_Electronicos\/Informe_Quincenal_Intercampana_electronicos.pdf\">\u2022 Segundo Informe Quincenal del periodo de Intercampa\u00f1a 2023 del Monitoreo a Medios de Comunicaci\u00f3n Electr\u00f3nicos, Impresos e Internet.<\/a><\/p>\n<p><a href=\"https:\/\/10.10.3.106\/monitoristas2023\/wp-content\/docs\/informes\/2do_Quincenal_Intercampana_Electronicos\/Reporte_Informe_Quincenal_Intercampana_electronicos.zip\">\u2212 Reporte a detalle del Monitoreo a Medios de Comunicaci\u00f3n Electr\u00f3nicos, Impresos e Internet, del Segundo Informe Quincenal de Intercampa\u00f1a.<\/a><\/p>\n<\/div><\/div><\/div><div class=\"ea-card  sp-ea-single\"><h3 class=\"ea-header\"><a class=\"collapsed\" data-sptoggle=\"spcollapse\" data-sptarget=#collapse1569 href=\"javascript:void(0)\"  aria-expanded=\"false\"><i class=\"ea-expand-icon fa fa-plus\"><\/i> Primer Informe Quincenal del periodo de Intercampa\u00f1a<\/a><\/h3><div class=\"sp-collapse spcollapse \" id=\"collapse1569\" data-parent=#sp-ea-156><div class=\"ea-body\"><p><a href=\"https:\/\/10.10.3.106\/monitoristas2023\/wp-content\/docs\/informes\/1er_Quincenal_Intercampana_Alternos\/Primer_Informe_Quincenal_Intercampana_alternos.pdf\">\u2022 Primer Informe Quincenal del periodo de Intercampa\u00f1a 2023 del Monitoreo a Medios de Comunicaci\u00f3n Alternos y Cine.<\/a><\/p>\n<p><a href=\"https:\/\/10.10.3.106\/monitoristas2023\/wp-content\/docs\/informes\/1er_Quincenal_Intercampana_Alternos\/Base_Primer_Informe_Quincenal_Intercampana_alterno.xlsx.zip\">\u2212 Base de datos del Monitoreo a Medios de Comunicaci\u00f3n Alternos y Cine, del Primer Informe Quincenal de Intercampa\u00f1a.<\/a><\/p>\n<p><a href=\"https:\/\/10.10.3.106\/monitoristas2023\/wp-content\/docs\/informes\/1er_Quincenal_Intercampana_Electronicos\/Primer_Informe_Quincenal_Intercampana_Electronicos.pdf\">\u2022 Primer Informe Quincenal del periodo de Intercampa\u00f1a 2023 del Monitoreo a Medios de Comunicaci\u00f3n Electr\u00f3nicos, Impresos e Internet.<\/a><\/p>\n<p><a href=\"https:\/\/10.10.3.106\/monitoristas2023\/wp-content\/docs\/informes\/1er_Quincenal_Intercampana_Electronicos\/Reporte_Detalle_Primer_Informe_Quincenal_Intercampana_Electronicos.xlsx.zip\">\u2212 Reporte a detalle del Monitoreo a Medios de Comunicaci\u00f3n Electr\u00f3nicos, Impresos e Internet, del Primer Informe Quincenal de Intercampa\u00f1a.<\/a><\/p>\n<\/div><\/div><\/div><div class=\"ea-card  sp-ea-single\"><h3 class=\"ea-header\"><a class=\"collapsed\" data-sptoggle=\"spcollapse\" data-sptarget=#collapse15610 href=\"javascript:void(0)\"  aria-expanded=\"false\"><i class=\"ea-expand-icon fa fa-plus\"><\/i> Informe Final de Periodo de Precampa\u00f1as<\/a><\/h3><div class=\"sp-collapse spcollapse \" id=\"collapse15610\" data-parent=#sp-ea-156><div class=\"ea-body\"><p><a href=\"..\/wp-content\/docs\/informes\/Final_Precampana_Alternos\/Informe_Final_Precampana_Alternos_2023.pdf\" target=\"_blank\" rel=\"noopener\">Informe Final del periodo de Precampa\u00f1as 2023 del Monitoreo a Medios de Comunicaci\u00f3n Alternos y Cine.<\/a><\/p>\n<p><a href=\"..\/wp-content\/docs\/informes\/Final_Precampana_Alternos\/Base_Datos_Informe_Final_2023.xlsx.zip\" target=\"_blank\" rel=\"noopener\">Base de datos del monitoreo a medios de comunicaci\u00f3n alternos y cine, Informe Final de precampa\u00f1a<\/a><\/p>\n<p><a href=\"..\/wp-content\/docs\/informes\/Final_Precampana_Electronicos\/Informe_Final_de_Precampana_Electronicos_2023.pdf\" target=\"_blank\" rel=\"noopener\">Informe Final del periodo de Precampa\u00f1as 2023 del Monitoreo a Medios de Comunicaci\u00f3n Electr\u00f3nicos, Impresos e Internet<\/a><\/p>\n<p><a href=\"..\/wp-content\/docs\/informes\/Final_Precampana_Electronicos\/Reporte_Detalle_Final_Precampana_2023.xlsx.zip\" target=\"_blank\" rel=\"noopener\">Reporte a detalle monitoreo a medios electr\u00f3nicos, impresos e internet Informe Final<\/a><\/p>\n<\/div><\/div><\/div><div class=\"ea-card  sp-ea-single\"><h3 class=\"ea-header\"><a class=\"collapsed\" data-sptoggle=\"spcollapse\" data-sptarget=#collapse15611 href=\"javascript:void(0)\"  aria-expanded=\"false\"><i class=\"ea-expand-icon fa fa-plus\"><\/i> Segundo Informe Quincenal de Periodo de Precampa\u00f1as<\/a><\/h3><div class=\"sp-collapse spcollapse \" id=\"collapse15611\" data-parent=#sp-ea-156><div class=\"ea-body\"><p><a href=\"..\/wp-content\/docs\/informes\/2do_Quincenal_Precampana_Alternos\/2_Informe_Quincenal_Alternos_2023_VF.pdf\" target=\"_blank\" rel=\"noopener\">Segundo Informe Quincenal del periodo de Precampa\u00f1as 2023 del Monitoreo a Medios de Comunicaci\u00f3n Alternos y Cine.<\/a><\/p>\n<p><a href=\"..\/wp-content\/docs\/informes\/2do_Quincenal_Precampana_Alternos\/Base_de_Datos-2o_Alternos_2023.xlsx.zip\" target=\"_blank\" rel=\"noopener\">Base de datos del monitoreo a medios de comunicaci\u00f3n alternos y cine, Segundo Informe de precampa\u00f1a<\/a><\/p>\n<p><a href=\"..\/wp-content\/docs\/informes\/2do_Quincenal_Precampana_Electronicos\/2_Informe_Quincenal_Electronicos_2023.pdf\" target=\"_blank\" rel=\"noopener\">Segundo Informe Quincenal del periodo de Precampa\u00f1as 2023 del Monitoreo a Medios de Comunicaci\u00f3n Electr\u00f3nicos, Impresos e Internet<\/a><\/p>\n<p><a href=\"..\/wp-content\/docs\/informes\/2do_Quincenal_Precampana_Electronicos\/Base_de_Datos-2o_Electronicos_2023.xlsx.zip\" target=\"_blank\" rel=\"noopener\">Reporte a detalle monitoreo a medios electr\u00f3nicos, impresos e internet del Segundo Informe de precampa\u00f1a<\/a><\/p>\n<\/div><\/div><\/div><div class=\"ea-card  sp-ea-single\"><h3 class=\"ea-header\"><a class=\"collapsed\" data-sptoggle=\"spcollapse\" data-sptarget=#collapse15612 href=\"javascript:void(0)\"  aria-expanded=\"false\"><i class=\"ea-expand-icon fa fa-plus\"><\/i> Primer Informe Quincenal de Periodo de Precampa\u00f1as<\/a><\/h3><div class=\"sp-collapse spcollapse \" id=\"collapse15612\" data-parent=#sp-ea-156><div class=\"ea-body\"><p><a href=\"..\/wp-content\/docs\/informes\/Primer_Informe_Quincenal_Monitoreo_Alternos_Precampana_9_de_febrero_de_2023_con_modificaciones solicitadas_VF.pdf\" target=\"_blank\" rel=\"noopener\">Primer Informe Quincenal del periodo de Precampa\u00f1as 2023 del Monitoreo a Medios de Comunicaci\u00f3n Alternos y Cine.<\/a><\/p>\n<p><a href=\"..\/wp-content\/docs\/informes\/Base_de_datos_del_monitoreo_a_medios_alternos_y_cine_1er_quinc_precampana.xlsx.zip\" target=\"_blank\" rel=\"noopener\">Base de datos del monitoreo a medios de comunicaci\u00f3n alternos y cine, del Primer informe quincenal de precampa\u00f1a<\/a><\/p>\n<p><a href=\"..\/wp-content\/docs\/informes\/1er_Informe_Quincenal_Elec_Imp_e_Inter.pdf\" target=\"_blank\" rel=\"noopener\">Primer Informe Quincenal del periodo de Precampa\u00f1as 2023 del Monitoreo a Medios de Comunicaci\u00f3n Electr\u00f3nicos, Impresos e Internet<\/a><\/p>\n<p><a href=\"..\/wp-content\/docs\/informes\/Reporte_a_detalle_monitoreo_a_medios_elec_imp_e_int_1er_quinc_precampana.xlsx.zip\" target=\"_blank\" rel=\"noopener\">Reporte a detalle monitoreo a medios electr\u00f3nicos, impresos e internet del Primer quincenal precampa\u00f1a<\/a><\/p>\n<\/div><\/div><\/div><\/div>\n","protected":false},"excerpt":{"rendered":"","protected":false},"author":1,"featured_media":0,"parent":0,"menu_order":0,"comment_status":"closed","ping_status":"closed","template":"","meta":{"footnotes":""},"class_list":["post-154","page","type-page","status-publish","hentry"],"_links":{"self":[{"href":"https:\/\/sistemaselec.ieem.org.mx\/monitoristas2023\/wp-json\/wp\/v2\/pages\/154","targetHints":{"allow":["GET"]}}],"collection":[{"href":"https:\/\/sistemaselec.ieem.org.mx\/monitoristas2023\/wp-json\/wp\/v2\/pages"}],"about":[{"href":"https:\/\/sistemaselec.ieem.org.mx\/monitoristas2023\/wp-json\/wp\/v2\/types\/page"}],"author":[{"embeddable":true,"href":"https:\/\/sistemaselec.ieem.org.mx\/monitoristas2023\/wp-json\/wp\/v2\/users\/1"}],"replies":[{"embeddable":true,"href":"https:\/\/sistemaselec.ieem.org.mx\/monitoristas2023\/wp-json\/wp\/v2\/comments?post=154"}],"version-history":[{"count":2,"href":"https:\/\/sistemaselec.ieem.org.mx\/monitoristas2023\/wp-json\/wp\/v2\/pages\/154\/revisions"}],"predecessor-version":[{"id":159,"href":"https:\/\/sistemaselec.ieem.org.mx\/monitoristas2023\/wp-json\/wp\/v2\/pages\/154\/revisions\/159"}],"wp:attachment":[{"href":"https:\/\/sistemaselec.ieem.org.mx\/monitoristas2023\/wp-json\/wp\/v2\/media?parent=154"}],"curies":[{"name":"wp","href":"https:\/\/api.w.org\/{rel}","templated":true}]}}