

{"id":102,"date":"2022-11-04T16:36:05","date_gmt":"2022-11-04T16:36:05","guid":{"rendered":"https:\/\/10.10.3.106\/monitoristas2023\/?page_id=102"},"modified":"2022-11-04T16:57:51","modified_gmt":"2022-11-04T16:57:51","slug":"publicaciones","status":"publish","type":"page","link":"https:\/\/sistemaselec.ieem.org.mx\/monitoristas2023\/publicaciones\/","title":{"rendered":"Publicaciones"},"content":{"rendered":"\n<p><\/p>\n\n\n\n<h2 class=\"wp-block-heading\">Publicaciones<\/h2>\n\n\n\n<br><br>\n\n\n<div id=\"sp-ea-104\" class=\"sp-ea-one sp-easy-accordion\" data-ex-icon=\"fa-minus\" data-col-icon=\"fa-plus\"  data-ea-active=\"ea-click\"  data-ea-mode=\"vertical\" data-preloader=\"\"><div class=\"ea-card ea-expand sp-ea-single\"><h3 class=\"ea-header\"><a class=\"collapsed\" data-sptoggle=\"spcollapse\" data-sptarget=#collapse1040 href=\"javascript:void(0)\"  aria-expanded=\"true\"><i class=\"ea-expand-icon fa fa-minus\"><\/i> Publicaciones 23-11-22<\/a><\/h3><div class=\"sp-collapse spcollapse collapsed show\" id=\"collapse1040\" data-parent=#sp-ea-104><div class=\"ea-body\"><ul>\n<li><a href=\"https:\/\/10.10.3.106\/monitoristas2023\/wp-content\/docs\/LISTA_FOLIOS_RESERVAS_MONITORISTAS.pdf\" target=\"_blank\" rel=\"noopener\">Lista de folios de personas que conforman la Lista de reserva de monitoristas<\/a><\/li>\n<\/ul>\n<\/div><\/div><\/div><div class=\"ea-card  sp-ea-single\"><h3 class=\"ea-header\"><a class=\"collapsed\" data-sptoggle=\"spcollapse\" data-sptarget=#collapse1041 href=\"javascript:void(0)\"  aria-expanded=\"false\"><i class=\"ea-expand-icon fa fa-plus\"><\/i> Publicaci\u00f3n 15-11-22<\/a><\/h3><div class=\"sp-collapse spcollapse \" id=\"collapse1041\" data-parent=#sp-ea-104><div class=\"ea-body\"><p><a href=\"https:\/\/10.10.3.106\/monitoristas2023\/wp-content\/docs\/CALIFICACIONES_MONITORISTAS_2023.pdf?\" target=\"_blank\" rel=\"noopener\">Calificaciones obtenidas por las personas aspirantes al cargo de monitorista, que sustentaron el examen de conocimientos.<\/a><\/p>\n<\/div><\/div><\/div><div class=\"ea-card  sp-ea-single\"><h3 class=\"ea-header\"><a class=\"collapsed\" data-sptoggle=\"spcollapse\" data-sptarget=#collapse1042 href=\"javascript:void(0)\"  aria-expanded=\"false\"><i class=\"ea-expand-icon fa fa-plus\"><\/i> Lista de folios de las personas aspirantes que acceder\u00e1n a la etapa del examen de conocimientos.<\/a><\/h3><div class=\"sp-collapse spcollapse \" id=\"collapse1042\" data-parent=#sp-ea-104><div class=\"ea-body\"><table style=\"height: auto;width: 100%\">\n<tbody>\n<tr>\n<td width=\"382\"><a href=\"https:\/\/10.10.3.106\/monitoristas2023\/wp-content\/docs\/folios_pasan_a_examen\/Distrito_1_CHALCO_DE_DIAZ_COVARRUBIAS.pdf\" target=\"_blank\" rel=\"noopener\">Distrito 1. Chalco de D\u00edaz Covarrubias<\/a><\/td>\n<\/tr>\n<tr>\n<td width=\"382\"><a href=\"https:\/\/10.10.3.106\/monitoristas2023\/wp-content\/docs\/folios_pasan_a_examen\/Distrito_2_TOLUCA_DE_LERDO.pdf\" target=\"_blank\" rel=\"noopener\">Distrito 2. Toluca de Lerdo<\/a><\/td>\n<\/tr>\n<tr>\n<td width=\"382\"><a href=\"https:\/\/10.10.3.106\/monitoristas2023\/wp-content\/docs\/folios_pasan_a_examen\/Distrito_3_CHIMALHUACAN.pdf\" target=\"_blank\" rel=\"noopener\">Distrito 3. Chimalhuac\u00e1n<\/a><\/td>\n<\/tr>\n<tr>\n<td width=\"382\"><a href=\"https:\/\/10.10.3.106\/monitoristas2023\/wp-content\/docs\/folios_pasan_a_examen\/Distrito_4_LERMA.pdf\" target=\"_blank\" rel=\"noopener\">Distrito 4. Lerma de Villada<\/a><\/td>\n<\/tr>\n<tr>\n<td width=\"382\"><a href=\"https:\/\/10.10.3.106\/monitoristas2023\/wp-content\/docs\/folios_pasan_a_examen\/Distrito_5_CHIMALHUACAN.pdf\" target=\"_blank\" rel=\"noopener\">Distrito 5. Chimalhuac\u00e1n<\/a><\/td>\n<\/tr>\n<tr>\n<td width=\"382\"><a href=\"https:\/\/10.10.3.106\/monitoristas2023\/wp-content\/docs\/folios_pasan_a_examen\/Distrito_6_ECATEPEC_DE_MORELOS.pdf\" target=\"_blank\" rel=\"noopener\">Distrito 6. Ecatepec de Morelos<\/a><\/td>\n<\/tr>\n<tr>\n<td width=\"382\"><a href=\"https:\/\/10.10.3.106\/monitoristas2023\/wp-content\/docs\/folios_pasan_a_examen\/Distrito_7_TENANCINGO_DE_DEGOLLADO.pdf\" target=\"_blank\" rel=\"noopener\">Distrito 7. Tenancingo de Degollado<\/a><\/td>\n<\/tr>\n<tr>\n<td width=\"382\"><a href=\"https:\/\/10.10.3.106\/monitoristas2023\/wp-content\/docs\/folios_pasan_a_examen\/Distrito_8_ECATEPEC_DE_MORELOS.pdf\" target=\"_blank\" rel=\"noopener\">Distrito 8. Ecatepec de Morelos<\/a><\/td>\n<\/tr>\n<tr>\n<td width=\"382\"><a href=\"https:\/\/10.10.3.106\/monitoristas2023\/wp-content\/docs\/folios_pasan_a_examen\/Distrito_9_TEJUPILCO_DE_HIDALGO.pdf\" target=\"_blank\" rel=\"noopener\">Distrito 9. Tejupilco de Hidalgo<\/a><\/td>\n<\/tr>\n<tr>\n<td width=\"382\"><a href=\"https:\/\/10.10.3.106\/monitoristas2023\/wp-content\/docs\/folios_pasan_a_examen\/Distrito_10_VALLE_DE_BRAVO.pdf\" target=\"_blank\" rel=\"noopener\">Distrito 10. Valle de Bravo<\/a><\/td>\n<\/tr>\n<tr>\n<td width=\"382\"><a href=\"https:\/\/10.10.3.106\/monitoristas2023\/wp-content\/docs\/folios_pasan_a_examen\/Distrito_11_TULTITLAN_DE_MARIANO_ESCOBEDO.pdf\" target=\"_blank\" rel=\"noopener\">Distrito 11. Tultitl\u00e1n de Mariano Escobedo<\/a><\/td>\n<\/tr>\n<tr>\n<td width=\"382\"><a href=\"https:\/\/10.10.3.106\/monitoristas2023\/wp-content\/docs\/folios_pasan_a_examen\/Distrito_12_TEOLOYUCAN.pdf\" target=\"_blank\" rel=\"noopener\">Distrito 12. Teoloyucan<\/a><\/td>\n<\/tr>\n<tr>\n<td width=\"382\"><a href=\"https:\/\/10.10.3.106\/monitoristas2023\/wp-content\/docs\/folios_pasan_a_examen\/Distrito_13_ATLACOMULCO_DE_FABELA.pdf\" target=\"_blank\" rel=\"noopener\">Distrito 13. Atlacomulco de Fabela (Ind\u00edgena)<\/a><\/td>\n<\/tr>\n<tr>\n<td width=\"382\"><a href=\"https:\/\/10.10.3.106\/monitoristas2023\/wp-content\/docs\/folios_pasan_a_examen\/Distrito_14_JILOTEPEC_DE_ANDRES_MOLINA_ENRIQUEZ.pdf\" target=\"_blank\" rel=\"noopener\">Distrito 14. Jilotepec de Andr\u00e9s Molina Enr\u00edquez (Ind\u00edgena)<\/a><\/td>\n<\/tr>\n<tr>\n<td width=\"382\"><a href=\"https:\/\/10.10.3.106\/monitoristas2023\/wp-content\/docs\/folios_pasan_a_examen\/Distrito_15_IXTLAHUACA_DE_RAYON.pdf\" target=\"_blank\" rel=\"noopener\">Distrito 15. Ixtlahuaca de Ray\u00f3n (Ind\u00edgena)<\/a><\/td>\n<\/tr>\n<tr>\n<td width=\"382\"><a href=\"https:\/\/10.10.3.106\/monitoristas2023\/wp-content\/docs\/folios_pasan_a_examen\/Distrito_16_CIUDAD_ADOLFO_LOPEZ_MATEOS.pdf\" target=\"_blank\" rel=\"noopener\">Distrito 16. Ciudad Adolfo L\u00f3pez Mateos (Atizap\u00e1n de Zaragoza)<\/a><\/td>\n<\/tr>\n<tr>\n<td width=\"382\"><a href=\"https:\/\/10.10.3.106\/monitoristas2023\/wp-content\/docs\/folios_pasan_a_examen\/Distrito_17_HUIXQUILUCAN_DE_DEGOLLADO.pdf\" target=\"_blank\" rel=\"noopener\">Distrito 17. Huixquilucan de Degollado<\/a><\/td>\n<\/tr>\n<tr>\n<td width=\"382\"><a href=\"https:\/\/10.10.3.106\/monitoristas2023\/wp-content\/docs\/folios_pasan_a_examen\/Distrito_18_TLALNEPANTLA_DE_BAZ.pdf\" target=\"_blank\" rel=\"noopener\">Distrito 18. Tlalnepantla de Baz<\/a><\/td>\n<\/tr>\n<tr>\n<td width=\"382\"><a href=\"https:\/\/10.10.3.106\/monitoristas2023\/wp-content\/docs\/folios_pasan_a_examen\/Distrito_19_SANTA_MARIA_TULTEPEC.pdf\" target=\"_blank\" rel=\"noopener\">Distrito 19. Santa Mar\u00eda Tultepec<\/a><\/td>\n<\/tr>\n<tr>\n<td width=\"382\"><a href=\"https:\/\/10.10.3.106\/monitoristas2023\/wp-content\/docs\/folios_pasan_a_examen\/Distrito_20_ZUMPANGO_DE_OCAMPO.pdf\" target=\"_blank\" rel=\"noopener\">Distrito 20. Zumpango de Ocampo<\/a><\/td>\n<\/tr>\n<tr>\n<td width=\"382\"><a href=\"https:\/\/10.10.3.106\/monitoristas2023\/wp-content\/docs\/folios_pasan_a_examen\/Distrito_21_ECATEPEC_DE_MORELOS.pdf\" target=\"_blank\" rel=\"noopener\">Distrito 21. Ecatepec de Morelos<\/a><\/td>\n<\/tr>\n<tr>\n<td width=\"382\"><a href=\"https:\/\/10.10.3.106\/monitoristas2023\/wp-content\/docs\/folios_pasan_a_examen\/Distrito_22_OJO_DE_AGUA.pdf\" target=\"_blank\" rel=\"noopener\">Distrito 22. Ojo de Agua (Tec\u00e1mac)<\/a><\/td>\n<\/tr>\n<tr>\n<td width=\"382\"><a href=\"https:\/\/10.10.3.106\/monitoristas2023\/wp-content\/docs\/folios_pasan_a_examen\/Distrito_23_TEXCOCO_DE_MORA.pdf\" target=\"_blank\" rel=\"noopener\">Distrito 23. Texcoco de Mora<\/a><\/td>\n<\/tr>\n<tr>\n<td width=\"382\"><a href=\"https:\/\/10.10.3.106\/monitoristas2023\/wp-content\/docs\/folios_pasan_a_examen\/Distrito_24_NEZAHUALCOYOTL.pdf\">Distrito 24. Cd. Nezahualc\u00f3yotl<\/a><\/td>\n<\/tr>\n<tr>\n<td width=\"382\"><a href=\"https:\/\/10.10.3.106\/monitoristas2023\/wp-content\/docs\/folios_pasan_a_examen\/Distrito_25_NEZAHUALCOYOTL.pdf\" target=\"_blank\" rel=\"noopener\">Distrito 25. Cd. Nezahualc\u00f3yotl<\/a><\/td>\n<\/tr>\n<tr>\n<td width=\"382\"><a href=\"https:\/\/10.10.3.106\/monitoristas2023\/wp-content\/docs\/folios_pasan_a_examen\/Distrito_26_CUAUTITLAN_IZCALLI.pdf\" target=\"_blank\" rel=\"noopener\">Distrito 26. Cuautitl\u00e1n Izcalli<\/a><\/td>\n<\/tr>\n<tr>\n<td width=\"382\"><a href=\"https:\/\/10.10.3.106\/monitoristas2023\/wp-content\/docs\/folios_pasan_a_examen\/Distrito_27_VALLE_DE_CHALCO_SOLIDARIDAD.pdf\" target=\"_blank\" rel=\"noopener\">Distrito 27. Valle de Chalco Solidaridad<\/a><\/td>\n<\/tr>\n<tr>\n<td width=\"382\"><a href=\"https:\/\/10.10.3.106\/monitoristas2023\/wp-content\/docs\/folios_pasan_a_examen\/Distrito_28_AMECAMECA_DE_JUAREZ.pdf\" target=\"_blank\" rel=\"noopener\">Distrito 28. Amecameca de Ju\u00e1rez<\/a><\/td>\n<\/tr>\n<tr>\n<td width=\"382\"><a href=\"https:\/\/10.10.3.106\/monitoristas2023\/wp-content\/docs\/folios_pasan_a_examen\/Distrito_29_TIANGUISTENCO_DE_GALEANA.pdf\" target=\"_blank\" rel=\"noopener\">Distrito 29. Tianguistenco de Galeana<\/a><\/td>\n<\/tr>\n<tr>\n<td width=\"382\"><a href=\"https:\/\/10.10.3.106\/monitoristas2023\/wp-content\/docs\/folios_pasan_a_examen\/Distrito_30_NAUCALPAN_DE_JUAREZ.pdf\">Distrito 30. Naucalpan de Ju\u00e1rez<\/a><\/td>\n<\/tr>\n<tr>\n<td width=\"382\"><a href=\"https:\/\/10.10.3.106\/monitoristas2023\/wp-content\/docs\/folios_pasan_a_examen\/Distrito_31_LOS_REYES_ACAQUILPAN.pdf\" target=\"_blank\" rel=\"noopener\">Distrito 31. Los Reyes Acaquilpan<\/a><\/td>\n<\/tr>\n<tr>\n<td width=\"382\"><a href=\"https:\/\/10.10.3.106\/monitoristas2023\/wp-content\/docs\/folios_pasan_a_examen\/Distrito_32_NAUCALPAN_DE_JUAREZ.pdf\" target=\"_blank\" rel=\"noopener\">Distrito 32. Naucalpan de Ju\u00e1rez<\/a><\/td>\n<\/tr>\n<tr>\n<td width=\"382\"><a href=\"https:\/\/10.10.3.106\/monitoristas2023\/wp-content\/docs\/folios_pasan_a_examen\/Distrito_33_OJO_DE_AGUA.pdf\" target=\"_blank\" rel=\"noopener\">Distrito 33. Ojo de Agua (Tec\u00e1mac)<\/a><\/td>\n<\/tr>\n<tr>\n<td width=\"382\"><a href=\"https:\/\/10.10.3.106\/monitoristas2023\/wp-content\/docs\/folios_pasan_a_examen\/Distrito_34_TOLUCA_DE_LERDO.pdf\" target=\"_blank\" rel=\"noopener\">Distrito 34. Toluca de Lerdo<\/a><\/td>\n<\/tr>\n<tr>\n<td width=\"382\"><a href=\"https:\/\/10.10.3.106\/monitoristas2023\/wp-content\/docs\/folios_pasan_a_examen\/Distrito_35_METEPEC.pdf\" target=\"_blank\" rel=\"noopener\">Distrito 35. Metepec<\/a><\/td>\n<\/tr>\n<tr>\n<td width=\"382\"><a href=\"https:\/\/10.10.3.106\/monitoristas2023\/wp-content\/docs\/folios_pasan_a_examen\/Distrito_36_SAN_MIGUEL_ZINACANTEPEC.pdf\" target=\"_blank\" rel=\"noopener\">Distrito 36. San Miguel Zinacantepec<\/a><\/td>\n<\/tr>\n<tr>\n<td width=\"382\"><a href=\"https:\/\/10.10.3.106\/monitoristas2023\/wp-content\/docs\/folios_pasan_a_examen\/Distrito_37_TLALNEPANTLA DE BAZ.pdf\" target=\"_blank\" rel=\"noopener\">Distrito 37. Tlalnepantla de Baz<\/a><\/td>\n<\/tr>\n<tr>\n<td width=\"382\"><a href=\"https:\/\/10.10.3.106\/monitoristas2023\/wp-content\/docs\/folios_pasan_a_examen\/Distrito_38_COACALCO_DE_BERRIOZABAL.pdf\" target=\"_blank\" rel=\"noopener\">Distrito 38. Coacalco de Berriozabal<\/a><\/td>\n<\/tr>\n<tr>\n<td width=\"382\"><a href=\"https:\/\/10.10.3.106\/monitoristas2023\/wp-content\/docs\/folios_pasan_a_examen\/Distrito_39_TEPEXPAN.pdf\" target=\"_blank\" rel=\"noopener\">Distrito 39. Tepexpan (Acolman)<\/a><\/td>\n<\/tr>\n<tr>\n<td width=\"382\"><a href=\"https:\/\/10.10.3.106\/monitoristas2023\/wp-content\/docs\/folios_pasan_a_examen\/Distrito_40_IXTAPALUCA.pdf\" target=\"_blank\" rel=\"noopener\">Distrito 40. Ixtapaluca<\/a><\/td>\n<\/tr>\n<tr>\n<td width=\"382\"><a href=\"https:\/\/10.10.3.106\/monitoristas2023\/wp-content\/docs\/folios_pasan_a_examen\/Distrito_41_NEZAHUALCOYOTL.pdf\" target=\"_blank\" rel=\"noopener\">Distrito 41. Cd. Nezahualc\u00f3yotl<\/a><\/td>\n<\/tr>\n<tr>\n<td width=\"382\"><a href=\"https:\/\/10.10.3.106\/monitoristas2023\/wp-content\/docs\/folios_pasan_a_examen\/Distrito_42_ECATEPEC_DE_MORELOS.pdf\" target=\"_blank\" rel=\"noopener\">Distrito 42. Ecatepec de Morelos<\/a><\/td>\n<\/tr>\n<tr>\n<td width=\"382\"><a href=\"https:\/\/10.10.3.106\/monitoristas2023\/wp-content\/docs\/folios_pasan_a_examen\/Distrito_43_CUAUTITLAN_IZCALLI.pdf\" target=\"_blank\" rel=\"noopener\">Distrito 43. Cuautitl\u00e1n Izcalli<\/a><\/td>\n<\/tr>\n<tr>\n<td width=\"382\"><a href=\"https:\/\/10.10.3.106\/monitoristas2023\/wp-content\/docs\/folios_pasan_a_examen\/Distrito_44_NICOLAS_ROMERO.pdf\" target=\"_blank\" rel=\"noopener\">Distrito 44. Nicol\u00e1s Romero<\/a><\/td>\n<\/tr>\n<tr>\n<td width=\"382\"><a href=\"https:\/\/10.10.3.106\/monitoristas2023\/wp-content\/docs\/folios_pasan_a_examen\/Distrito_45_BARRIO_LA_CABECERA_3A_SECCION.pdf\" target=\"_blank\" rel=\"noopener\">Distrito 45. Barrio la Cabecera 3a. Secci\u00f3n (Almoloya de Ju\u00e1rez)<\/a><\/td>\n<\/tr>\n<\/tbody>\n<\/table>\n<\/div><\/div><\/div><\/div>\n","protected":false},"excerpt":{"rendered":"<p>Publicaciones<\/p>\n","protected":false},"author":1,"featured_media":0,"parent":0,"menu_order":0,"comment_status":"closed","ping_status":"closed","template":"","meta":{"footnotes":""},"class_list":["post-102","page","type-page","status-publish","hentry"],"_links":{"self":[{"href":"https:\/\/sistemaselec.ieem.org.mx\/monitoristas2023\/wp-json\/wp\/v2\/pages\/102","targetHints":{"allow":["GET"]}}],"collection":[{"href":"https:\/\/sistemaselec.ieem.org.mx\/monitoristas2023\/wp-json\/wp\/v2\/pages"}],"about":[{"href":"https:\/\/sistemaselec.ieem.org.mx\/monitoristas2023\/wp-json\/wp\/v2\/types\/page"}],"author":[{"embeddable":true,"href":"https:\/\/sistemaselec.ieem.org.mx\/monitoristas2023\/wp-json\/wp\/v2\/users\/1"}],"replies":[{"embeddable":true,"href":"https:\/\/sistemaselec.ieem.org.mx\/monitoristas2023\/wp-json\/wp\/v2\/comments?post=102"}],"version-history":[{"count":3,"href":"https:\/\/sistemaselec.ieem.org.mx\/monitoristas2023\/wp-json\/wp\/v2\/pages\/102\/revisions"}],"predecessor-version":[{"id":106,"href":"https:\/\/sistemaselec.ieem.org.mx\/monitoristas2023\/wp-json\/wp\/v2\/pages\/102\/revisions\/106"}],"wp:attachment":[{"href":"https:\/\/sistemaselec.ieem.org.mx\/monitoristas2023\/wp-json\/wp\/v2\/media?parent=102"}],"curies":[{"name":"wp","href":"https:\/\/api.w.org\/{rel}","templated":true}]}}