

{"id":19,"date":"2022-10-17T18:28:11","date_gmt":"2022-10-17T18:28:11","guid":{"rendered":"https:\/\/10.10.3.106\/monitoristas\/?page_id=19"},"modified":"2023-11-07T02:09:59","modified_gmt":"2023-11-07T02:09:59","slug":"guia-de-estudio","status":"publish","type":"page","link":"https:\/\/sistemaselec.ieem.org.mx\/monitoristas\/guia-de-estudio\/","title":{"rendered":"Gu\u00eda de estudio"},"content":{"rendered":"\n<h2 class=\"wp-block-heading\">Gu\u00eda de estudio<\/h2>\n\n\n\n<article class=\"contenedor_lista\">\n<ul>\n   <li class=\"instructivo\"><a href=\"https:\/\/10.10.3.106\/monitoristas\/wp-content\/uploads\/documentos\/GUIA_DE_ESTUDIOS.pdf\" target=\"_blank\" rel=\"noopener\">Gu\u00eda<strong>de estudios<\/strong><\/a><\/li>\n<\/ul>\n<\/article>\n\n\n\n<h3 class=\"wp-block-heading has-text-align-center\">Bibliograf\u00eda<\/h3>\n\n\n\n<article class=\"contenedor_lista\">\n<ul>\n<li class=\"ley\"><a href=\"https:\/\/10.10.3.106\/monitoristas\/wp-content\/uploads\/documentos\/01_Codigo_Electoral_Estado_Mexico.pdf\" target=\"_blank\" rel=\"noopener\">Co\u0301digo Electoral<strong>del Estado de Me\u0301xico<\/strong><\/a><\/li>\n\n<li class=\"protocolo\"><a href=\"https:\/\/10.10.3.106\/monitoristas\/wp-content\/uploads\/documentos\/02_Lineamientos_de_Monitoreo.pdf\" target=\"_blank\" rel=\"noopener\">Lineamientos<strong>de Monitoreo<\/strong><\/a><\/li>\n\n<li class=\"instructivo\"><a href=\"https:\/\/10.10.3.106\/monitoristas\/wp-content\/uploads\/documentos\/03_Manual_monitoreo_alternos_y_cine.pdf\" target=\"_blank\" rel=\"noopener\">Manual<strong>de procedimientos monitoreo alternos y cine<\/strong><\/a><\/li>\n\n<li class=\"ley\"><a href=\"https:\/\/10.10.3.106\/monitoristas\/wp-content\/uploads\/documentos\/04_Ley_general_materia_delitos_electorales.pdf\" target=\"_blank\" rel=\"noopener\">Ley general<strong>materia de delitos electorales<\/strong><\/a><\/li>\n\n<li class=\"ley\"><a href=\"https:\/\/10.10.3.106\/monitoristas\/wp-content\/uploads\/documentos\/05_Ley_gral_mujeres_vida_libre_de_violencia.pdf\" target=\"_blank\" rel=\"noopener\">Ley general<strong>de acceso de las mujeres a una vida libre de violencia<\/strong><\/a><\/li>\n\n   \n\n<li class=\"ley\"><a href=\"https:\/\/10.10.3.106\/monitoristas\/wp-content\/uploads\/documentos\/06_Codigo_de_etica_del_IEEM.pdf\" target=\"_blank\" rel=\"noopener\">C\u00f3digo <strong>de \u00c9tica<\/strong><\/a><\/li>\n\n<li class=\"ley\"><a href=\"https:\/\/10.10.3.106\/monitoristas\/wp-content\/uploads\/documentos\/07_Codigo_de_conducta_del_IEEM.pdf\" target=\"_blank\" rel=\"noopener\">C\u00f3digo <strong>de Conducta del IEEM<\/strong><\/a><\/li>\n   \n\n   \n<\/ul>\n<\/article>\n","protected":false},"excerpt":{"rendered":"<p>Gu\u00eda de estudio Gu\u00edade estudios Bibliograf\u00eda Co\u0301digo Electoraldel Estado de Me\u0301xico Lineamientosde Monitoreo Manualde procedimientos [&hellip;]<\/p>\n","protected":false},"author":1,"featured_media":0,"parent":0,"menu_order":0,"comment_status":"closed","ping_status":"closed","template":"","meta":{"footnotes":""},"class_list":["post-19","page","type-page","status-publish","hentry"],"_links":{"self":[{"href":"https:\/\/sistemaselec.ieem.org.mx\/monitoristas\/wp-json\/wp\/v2\/pages\/19","targetHints":{"allow":["GET"]}}],"collection":[{"href":"https:\/\/sistemaselec.ieem.org.mx\/monitoristas\/wp-json\/wp\/v2\/pages"}],"about":[{"href":"https:\/\/sistemaselec.ieem.org.mx\/monitoristas\/wp-json\/wp\/v2\/types\/page"}],"author":[{"embeddable":true,"href":"https:\/\/sistemaselec.ieem.org.mx\/monitoristas\/wp-json\/wp\/v2\/users\/1"}],"replies":[{"embeddable":true,"href":"https:\/\/sistemaselec.ieem.org.mx\/monitoristas\/wp-json\/wp\/v2\/comments?post=19"}],"version-history":[{"count":19,"href":"https:\/\/sistemaselec.ieem.org.mx\/monitoristas\/wp-json\/wp\/v2\/pages\/19\/revisions"}],"predecessor-version":[{"id":250,"href":"https:\/\/sistemaselec.ieem.org.mx\/monitoristas\/wp-json\/wp\/v2\/pages\/19\/revisions\/250"}],"wp:attachment":[{"href":"https:\/\/sistemaselec.ieem.org.mx\/monitoristas\/wp-json\/wp\/v2\/media?parent=19"}],"curies":[{"name":"wp","href":"https:\/\/api.w.org\/{rel}","templated":true}]}}