

{"id":154,"date":"2023-02-17T23:24:25","date_gmt":"2023-02-17T23:24:25","guid":{"rendered":"https:\/\/10.10.3.106\/monitoristas\/?page_id=154"},"modified":"2024-02-20T21:22:53","modified_gmt":"2024-02-20T21:22:53","slug":"informes-de-monitoreo","status":"publish","type":"page","link":"https:\/\/sistemaselec.ieem.org.mx\/monitoristas\/informes-de-monitoreo\/","title":{"rendered":"Informes de Monitoreo"},"content":{"rendered":"\n<h2 class=\"wp-block-heading\">Informes de monitoreo a medios de comunicaci\u00f3n de la Elecci\u00f3n de Diputaciones Locales y Ayuntamientos 2024<\/h2>\n\n\n<div id=\"sp-ea-426\" class=\"sp-ea-one sp-easy-accordion\" data-ex-icon=\"fa-minus\" data-col-icon=\"fa-plus\"  data-ea-active=\"ea-click\"  data-ea-mode=\"vertical\" data-preloader=\"\"><div class=\"ea-card ea-expand sp-ea-single\"><h3 class=\"ea-header\"><a class=\"collapsed\" data-sptoggle=\"spcollapse\" data-sptarget=#collapse4260 href=\"javascript:void(0)\"  aria-expanded=\"true\"><i class=\"ea-expand-icon fa fa-minus\"><\/i> Primer Informe Quincenal del periodo de Precampa\u00f1a del Monitoreo a Medios de Comunicaci\u00f3n Electr\u00f3nicos, Impresos, Internet, Alternos y Cine de la Elecci\u00f3n de Diputaciones Locales y Ayuntamientos 2024<\/a><\/h3><div class=\"sp-collapse spcollapse collapsed show\" id=\"collapse4260\" data-parent=#sp-ea-426><div class=\"ea-body\"><ul>\n<li>\n<ul>\n<li><a href=\"https:\/\/10.10.3.106\/monitoristas\/wp-content\/uploads\/docs\/monitoreo\/precampana\/1._Primer_Informe_Quincenal_de_Precampana_Monitoreo_Alternos_VF_CAMPyD.pdf\">Primer Informe Quincenal del periodo de Precampa\u00f1a 2024 del Monitoreo a Medios de Comunicaci\u00f3n Alternos y Cine.<\/a>\n<ul>\n<li><a href=\"https:\/\/10.10.3.106\/monitoristas\/wp-content\/uploads\/docs\/monitoreo\/precampana\/1.1_BD_Primer_Quincenal_Precampana_Monitoreo_Alternos.xlsx\">Base de datos del Monitoreo a Medios de Comunicaci\u00f3n Alternos y Cine, Primer Informe Quincenal de Precampa\u00f1a.<\/a><\/li>\n<\/ul>\n<\/li>\n<\/ul>\n<\/li>\n<\/ul>\n<p>&nbsp;<br \/>\n&nbsp;<\/p>\n<ul>\n<li><a href=\"https:\/\/10.10.3.106\/monitoristas\/wp-content\/uploads\/docs\/monitoreo\/precampana\/2._Informe_Monitoreo_Electronicos_Impresos_e_Internet_Precampana_1er_Quincenal_VF.pdf\">Primer Informe Quincenal del periodo de Precampa\u00f1a 2024 del Monitoreo a Medios de Comunicaci\u00f3n Electr\u00f3nicos, Impresos e Internet.<\/a>\n<ul>\n<li><a href=\"https:\/\/10.10.3.106\/monitoristas\/wp-content\/uploads\/docs\/monitoreo\/precampana\/2.1_Reporte_a_detalle_Monitoreo_Electronicos_Impresos_e_Internet_2024_Precampana_1er_Quincenal.xlsx\">Reporte a detalle del Monitoreo a Medios de Comunicaci\u00f3n Electr\u00f3nicos, Impresos e Internet, Primer Informe Quincenal de Precampa\u00f1a.<\/a><\/li>\n<\/ul>\n<\/li>\n<\/ul>\n<\/div><\/div><\/div><\/div>\n\n\n","protected":false},"excerpt":{"rendered":"<p>Informes de monitoreo a medios de comunicaci\u00f3n de la Elecci\u00f3n de Diputaciones Locales y Ayuntamientos [&hellip;]<\/p>\n","protected":false},"author":1,"featured_media":0,"parent":0,"menu_order":0,"comment_status":"closed","ping_status":"closed","template":"","meta":{"footnotes":""},"class_list":["post-154","page","type-page","status-publish","hentry"],"_links":{"self":[{"href":"https:\/\/sistemaselec.ieem.org.mx\/monitoristas\/wp-json\/wp\/v2\/pages\/154","targetHints":{"allow":["GET"]}}],"collection":[{"href":"https:\/\/sistemaselec.ieem.org.mx\/monitoristas\/wp-json\/wp\/v2\/pages"}],"about":[{"href":"https:\/\/sistemaselec.ieem.org.mx\/monitoristas\/wp-json\/wp\/v2\/types\/page"}],"author":[{"embeddable":true,"href":"https:\/\/sistemaselec.ieem.org.mx\/monitoristas\/wp-json\/wp\/v2\/users\/1"}],"replies":[{"embeddable":true,"href":"https:\/\/sistemaselec.ieem.org.mx\/monitoristas\/wp-json\/wp\/v2\/comments?post=154"}],"version-history":[{"count":6,"href":"https:\/\/sistemaselec.ieem.org.mx\/monitoristas\/wp-json\/wp\/v2\/pages\/154\/revisions"}],"predecessor-version":[{"id":427,"href":"https:\/\/sistemaselec.ieem.org.mx\/monitoristas\/wp-json\/wp\/v2\/pages\/154\/revisions\/427"}],"wp:attachment":[{"href":"https:\/\/sistemaselec.ieem.org.mx\/monitoristas\/wp-json\/wp\/v2\/media?parent=154"}],"curies":[{"name":"wp","href":"https:\/\/api.w.org\/{rel}","templated":true}]}}