

{"id":102,"date":"2022-11-04T16:36:05","date_gmt":"2022-11-04T16:36:05","guid":{"rendered":"https:\/\/10.10.3.106\/monitoristas\/?page_id=102"},"modified":"2023-11-16T18:45:01","modified_gmt":"2023-11-16T18:45:01","slug":"folios-aspirantes-sustentar-examen","status":"publish","type":"page","link":"https:\/\/sistemaselec.ieem.org.mx\/monitoristas\/folios-aspirantes-sustentar-examen\/","title":{"rendered":"Folios de las personas aspirantes con derecho a sustentar el examen de conocimientos"},"content":{"rendered":"\n<p><\/p>\n\n\n\n<h2 class=\"wp-block-heading\">Folios de las personas aspirantes con derecho a sustentar el examen de conocimientos<\/h2>\n\n\n\n<br><br>\n\n\n<div id=\"sp-ea-104\" class=\"sp-ea-one sp-easy-accordion\" data-ex-icon=\"fa-minus\" data-col-icon=\"fa-plus\"  data-ea-active=\"ea-click\"  data-ea-mode=\"vertical\" data-preloader=\"\"><div class=\"ea-card ea-expand sp-ea-single\"><h3 class=\"ea-header\"><a class=\"collapsed\" data-sptoggle=\"spcollapse\" data-sptarget=#collapse1040 href=\"javascript:void(0)\"  aria-expanded=\"true\"><i class=\"ea-expand-icon fa fa-minus\"><\/i> Folios de las personas aspirantes con derecho a sustentar el examen de conocimiento<\/a><\/h3><div class=\"sp-collapse spcollapse collapsed show\" id=\"collapse1040\" data-parent=#sp-ea-104><div class=\"ea-body\"><table style=\"height: auto; width: 100%;\">\n<tbody>\n<tr>\n<td width=\"382\"><a href=\"https:\/\/10.10.3.106\/monitoristas\/wp-content\/uploads\/docs\/derecho-a-examen\/distritales\/Distrito_01_Chalco_de_Diaz_Covarrubias.pdf\" target=\"_blank\" rel=\"noopener\">Distrito 1. Chalco de D\u00edaz Covarrubias<\/a><\/td>\n<\/tr>\n<tr>\n<td width=\"382\"><a href=\"https:\/\/10.10.3.106\/monitoristas\/wp-content\/uploads\/docs\/derecho-a-examen\/distritales\/Distrito_02_Toluca_de_Lerdo.pdf\" target=\"_blank\" rel=\"noopener\">Distrito 2. Toluca de Lerdo<\/a><\/td>\n<\/tr>\n<tr>\n<td width=\"382\"><a href=\"https:\/\/10.10.3.106\/monitoristas\/wp-content\/uploads\/docs\/derecho-a-examen\/distritales\/Distrito_03_Chimalhuacan.pdf\" target=\"_blank\" rel=\"noopener\">Distrito 3. Chimalhuac\u00e1n<\/a><\/td>\n<\/tr>\n<tr>\n<td width=\"382\"><a href=\"https:\/\/10.10.3.106\/monitoristas\/wp-content\/uploads\/docs\/derecho-a-examen\/distritales\/Distrito_04_Lerma_de_Villada.pdf\" target=\"_blank\" rel=\"noopener\">Distrito 4. Lerma de Villada<\/a><\/td>\n<\/tr>\n<tr>\n<td width=\"382\"><a href=\"https:\/\/10.10.3.106\/monitoristas\/wp-content\/uploads\/docs\/derecho-a-examen\/distritales\/Distrito_05_Chimalhuacan.pdf\" target=\"_blank\" rel=\"noopener\">Distrito 5. Chimalhuac\u00e1n<\/a><\/td>\n<\/tr>\n<tr>\n<td width=\"382\"><a href=\"https:\/\/10.10.3.106\/monitoristas\/wp-content\/uploads\/docs\/derecho-a-examen\/distritales\/Distrito_06_Ecatepec_de_Morelos.pdf\" target=\"_blank\" rel=\"noopener\">Distrito 6. Ecatepec de Morelos<\/a><\/td>\n<\/tr>\n<tr>\n<td width=\"382\"><a href=\"https:\/\/10.10.3.106\/monitoristas\/wp-content\/uploads\/docs\/derecho-a-examen\/distritales\/Distrito_07_Tenancingo_de_Degollado.pdf\" target=\"_blank\" rel=\"noopener\">Distrito 7. Tenancingo de Degollado<\/a><\/td>\n<\/tr>\n<tr>\n<td width=\"382\"><a href=\"https:\/\/10.10.3.106\/monitoristas\/wp-content\/uploads\/docs\/derecho-a-examen\/distritales\/Distrito_08_Ecatepec_de_Morelos.pdf\" target=\"_blank\" rel=\"noopener\">Distrito 8. Ecatepec de Morelos<\/a><\/td>\n<\/tr>\n<tr>\n<td width=\"382\"><a href=\"https:\/\/10.10.3.106\/monitoristas\/wp-content\/uploads\/docs\/derecho-a-examen\/distritales\/Distrito_09_Tejupilco_de_Hidalgo.pdf\" target=\"_blank\" rel=\"noopener\">Distrito 9. Tejupilco de Hidalgo<\/a><\/td>\n<\/tr>\n<tr>\n<td width=\"382\"><a href=\"https:\/\/10.10.3.106\/monitoristas\/wp-content\/uploads\/docs\/derecho-a-examen\/distritales\/Distrito_10_Valle_de_Bravo.pdf\" target=\"_blank\" rel=\"noopener\">Distrito 10. Valle de Bravo<\/a><\/td>\n<\/tr>\n<tr>\n<td width=\"382\"><a href=\"https:\/\/10.10.3.106\/monitoristas\/wp-content\/uploads\/docs\/derecho-a-examen\/distritales\/Distrito_11_Tultitlan_de_Mariano_Escobedo.pdf\" target=\"_blank\" rel=\"noopener\">Distrito 11. Tultitl\u00e1n de Mariano Escobedo<\/a><\/td>\n<\/tr>\n<tr>\n<td width=\"382\"><a href=\"https:\/\/10.10.3.106\/monitoristas\/wp-content\/uploads\/docs\/derecho-a-examen\/distritales\/Distrito_12_Teoloyucan.pdf\" target=\"_blank\" rel=\"noopener\">Distrito 12. Teoloyucan<\/a><\/td>\n<\/tr>\n<tr>\n<td width=\"382\"><a href=\"https:\/\/10.10.3.106\/monitoristas\/wp-content\/uploads\/docs\/derecho-a-examen\/distritales\/Distrito_13_Atlacomulco_de_Fabela.pdf\" target=\"_blank\" rel=\"noopener\">Distrito 13. Atlacomulco de Fabela (Ind\u00edgena)<\/a><\/td>\n<\/tr>\n<tr>\n<td width=\"382\"><a href=\"https:\/\/10.10.3.106\/monitoristas\/wp-content\/uploads\/docs\/derecho-a-examen\/distritales\/Distrito_14_Jilotepec_de_Andres_Molina_Enriquez.pdf\" target=\"_blank\" rel=\"noopener\">Distrito 14. Jilotepec de Andr\u00e9s Molina Enr\u00edquez (Ind\u00edgena)<\/a><\/td>\n<\/tr>\n<tr>\n<td width=\"382\"><a href=\"https:\/\/10.10.3.106\/monitoristas\/wp-content\/uploads\/docs\/derecho-a-examen\/distritales\/Distrito_15_Ixtlahuaca_de_Rayon.pdf\" target=\"_blank\" rel=\"noopener\">Distrito 15. Ixtlahuaca de Ray\u00f3n (Ind\u00edgena)<\/a><\/td>\n<\/tr>\n<tr>\n<td width=\"382\"><a href=\"https:\/\/10.10.3.106\/monitoristas\/wp-content\/uploads\/docs\/derecho-a-examen\/distritales\/Distrito_16_Ciudad_Adolfo_Lopez_Mateos.pdf\" target=\"_blank\" rel=\"noopener\">Distrito 16. Ciudad Adolfo L\u00f3pez Mateos (Atizap\u00e1n de Zaragoza)<\/a><\/td>\n<\/tr>\n<tr>\n<td width=\"382\"><a href=\"https:\/\/10.10.3.106\/monitoristas\/wp-content\/uploads\/docs\/derecho-a-examen\/distritales\/Distrito_17_Huixquilucan_de_Degollado.pdf\" target=\"_blank\" rel=\"noopener\">Distrito 17. Huixquilucan de Degollado<\/a><\/td>\n<\/tr>\n<tr>\n<td width=\"382\"><a href=\"https:\/\/10.10.3.106\/monitoristas\/wp-content\/uploads\/docs\/derecho-a-examen\/distritales\/Distrito_18_Tlalnepantla_de_Baz.pdf\" target=\"_blank\" rel=\"noopener\">Distrito 18. Tlalnepantla de Baz<\/a><\/td>\n<\/tr>\n<tr>\n<td width=\"382\"><a href=\"https:\/\/10.10.3.106\/monitoristas\/wp-content\/uploads\/docs\/derecho-a-examen\/distritales\/Distrito_19_Santa_Maria_Tultepec.pdf\" target=\"_blank\" rel=\"noopener\">Distrito 19. Santa Mar\u00eda Tultepec<\/a><\/td>\n<\/tr>\n<tr>\n<td width=\"382\"><a href=\"https:\/\/10.10.3.106\/monitoristas\/wp-content\/uploads\/docs\/derecho-a-examen\/distritales\/Distrito_20_Zumpango_de_Ocampo.pdf\" target=\"_blank\" rel=\"noopener\">Distrito 20. Zumpango de Ocampo<\/a><\/td>\n<\/tr>\n<tr>\n<td width=\"382\"><a href=\"https:\/\/10.10.3.106\/monitoristas\/wp-content\/uploads\/docs\/derecho-a-examen\/distritales\/Distrito_21_Ecatepec_de-_Morelos.pdf\" target=\"_blank\" rel=\"noopener\">Distrito 21. Ecatepec de Morelos<\/a><\/td>\n<\/tr>\n<tr>\n<td width=\"382\"><a href=\"https:\/\/10.10.3.106\/monitoristas\/wp-content\/uploads\/docs\/derecho-a-examen\/distritales\/Distrito_22_Ojo_de_Agua.pdf\" target=\"_blank\" rel=\"noopener\">Distrito 22. Ojo de Agua (Tec\u00e1mac)<\/a><\/td>\n<\/tr>\n<tr>\n<td width=\"382\"><a href=\"https:\/\/10.10.3.106\/monitoristas\/wp-content\/uploads\/docs\/derecho-a-examen\/distritales\/Distrito_23_Texcoco_de_Mora.pdf\" target=\"_blank\" rel=\"noopener\">Distrito 23. Texcoco de Mora<\/a><\/td>\n<\/tr>\n<tr>\n<td width=\"382\"><a href=\"https:\/\/10.10.3.106\/monitoristas\/wp-content\/uploads\/docs\/derecho-a-examen\/distritales\/Distrito_24_Cd_Nezahualcoyotl.pdf\">Distrito 24. Cd. Nezahualc\u00f3yotl<\/a><\/td>\n<\/tr>\n<tr>\n<td width=\"382\"><a href=\"https:\/\/10.10.3.106\/monitoristas\/wp-content\/uploads\/docs\/derecho-a-examen\/distritales\/Distrito_25_Cd_Nezahualcoyotl.pdf\" target=\"_blank\" rel=\"noopener\">Distrito 25. Cd. Nezahualc\u00f3yotl<\/a><\/td>\n<\/tr>\n<tr>\n<td width=\"382\"><a href=\"https:\/\/10.10.3.106\/monitoristas\/wp-content\/uploads\/docs\/derecho-a-examen\/distritales\/Distrito_26_Cuatitlan_Izcalli.pdf\" target=\"_blank\" rel=\"noopener\">Distrito 26. Cuautitl\u00e1n Izcalli<\/a><\/td>\n<\/tr>\n<tr>\n<td width=\"382\"><a href=\"https:\/\/10.10.3.106\/monitoristas\/wp-content\/uploads\/docs\/derecho-a-examen\/distritales\/Distrito_27_Valle_de_Chalco_Solidaridad.pdf\" target=\"_blank\" rel=\"noopener\">Distrito 27. Valle de Chalco Solidaridad<\/a><\/td>\n<\/tr>\n<tr>\n<td width=\"382\"><a href=\"https:\/\/10.10.3.106\/monitoristas\/wp-content\/uploads\/docs\/derecho-a-examen\/distritales\/Distrito_28_Amecameca_de_Juarez.pdf\" target=\"_blank\" rel=\"noopener\">Distrito 28. Amecameca de Ju\u00e1rez<\/a><\/td>\n<\/tr>\n<tr>\n<td width=\"382\"><a href=\"https:\/\/10.10.3.106\/monitoristas\/wp-content\/uploads\/docs\/derecho-a-examen\/distritales\/Distrito_29_Tianguistenco_de_Galeana.pdf\" target=\"_blank\" rel=\"noopener\">Distrito 29. Tianguistenco de Galeana<\/a><\/td>\n<\/tr>\n<tr>\n<td width=\"382\"><a href=\"https:\/\/10.10.3.106\/monitoristas\/wp-content\/uploads\/docs\/derecho-a-examen\/distritales\/Distrito_30_Naucalpan_de_Juarez.pdf\">Distrito 30. Naucalpan de Ju\u00e1rez<\/a><\/td>\n<\/tr>\n<tr>\n<td width=\"382\"><a href=\"https:\/\/10.10.3.106\/monitoristas\/wp-content\/uploads\/docs\/derecho-a-examen\/distritales\/Distrito_31_Los_Reyes_Acaquilpan.pdf\" target=\"_blank\" rel=\"noopener\">Distrito 31. Los Reyes Acaquilpan<\/a><\/td>\n<\/tr>\n<tr>\n<td width=\"382\"><a href=\"https:\/\/10.10.3.106\/monitoristas\/wp-content\/uploads\/docs\/derecho-a-examen\/distritales\/Distrito_32_Naucalpan_de_Juarez.pdf\" target=\"_blank\" rel=\"noopener\">Distrito 32. Naucalpan de Ju\u00e1rez<\/a><\/td>\n<\/tr>\n<tr>\n<td width=\"382\"><a href=\"https:\/\/10.10.3.106\/monitoristas\/wp-content\/uploads\/docs\/derecho-a-examen\/distritales\/Distrito_33_Ojo_de_Agua.pdf\" target=\"_blank\" rel=\"noopener\">Distrito 33. Ojo de Agua (Tec\u00e1mac)<\/a><\/td>\n<\/tr>\n<tr>\n<td width=\"382\"><a href=\"https:\/\/10.10.3.106\/monitoristas\/wp-content\/uploads\/docs\/derecho-a-examen\/distritales\/Distrito_34_Toluca_de_Lerdo.pdf\" target=\"_blank\" rel=\"noopener\">Distrito 34. Toluca de Lerdo<\/a><\/td>\n<\/tr>\n<tr>\n<td width=\"382\"><a href=\"https:\/\/10.10.3.106\/monitoristas\/wp-content\/uploads\/docs\/derecho-a-examen\/distritales\/Distrito_35_Metepec.pdf\" target=\"_blank\" rel=\"noopener\">Distrito 35. Metepec<\/a><\/td>\n<\/tr>\n<tr>\n<td width=\"382\"><a href=\"https:\/\/10.10.3.106\/monitoristas\/wp-content\/uploads\/docs\/derecho-a-examen\/distritales\/Distrito_36_San_Miguel_Zinacantepec.pdf\" target=\"_blank\" rel=\"noopener\">Distrito 36. San Miguel Zinacantepec<\/a><\/td>\n<\/tr>\n<tr>\n<td width=\"382\"><a href=\"https:\/\/10.10.3.106\/monitoristas\/wp-content\/uploads\/docs\/derecho-a-examen\/distritales\/Distrito_37_Tlalnepantla_de_Baz.pdf\" target=\"_blank\" rel=\"noopener\">Distrito 37. Tlalnepantla de Baz<\/a><\/td>\n<\/tr>\n<tr>\n<td width=\"382\"><a href=\"https:\/\/10.10.3.106\/monitoristas\/wp-content\/uploads\/docs\/derecho-a-examen\/distritales\/Distrito_38_Coacalco_de_Berriozabal.pdf\" target=\"_blank\" rel=\"noopener\">Distrito 38. Coacalco de Berriozabal<\/a><\/td>\n<\/tr>\n<tr>\n<td width=\"382\"><a href=\"https:\/\/10.10.3.106\/monitoristas\/wp-content\/uploads\/docs\/derecho-a-examen\/distritales\/Distrito_39_Tepexpan.pdf\" target=\"_blank\" rel=\"noopener\">Distrito 39. Tepexpan (Acolman)<\/a><\/td>\n<\/tr>\n<tr>\n<td width=\"382\"><a href=\"https:\/\/10.10.3.106\/monitoristas\/wp-content\/uploads\/docs\/derecho-a-examen\/distritales\/Distrito_40_Ixtapaluca.pdf\" target=\"_blank\" rel=\"noopener\">Distrito 40. Ixtapaluca<\/a><\/td>\n<\/tr>\n<tr>\n<td width=\"382\"><a href=\"https:\/\/10.10.3.106\/monitoristas\/wp-content\/uploads\/docs\/derecho-a-examen\/distritales\/Distrito_41_Cd_Nezahualcoyotl.pdf\" target=\"_blank\" rel=\"noopener\">Distrito 41. Cd. Nezahualc\u00f3yotl<\/a><\/td>\n<\/tr>\n<tr>\n<td width=\"382\"><a href=\"https:\/\/10.10.3.106\/monitoristas\/wp-content\/uploads\/docs\/derecho-a-examen\/distritales\/Distrito_42_Ecatepec_de_Morelos.pdf\" target=\"_blank\" rel=\"noopener\">Distrito 42. Ecatepec de Morelos<\/a><\/td>\n<\/tr>\n<tr>\n<td width=\"382\"><a href=\"https:\/\/10.10.3.106\/monitoristas\/wp-content\/uploads\/docs\/derecho-a-examen\/distritales\/Distrito_43_Cuautitlan_Izcalli.pdf\" target=\"_blank\" rel=\"noopener\">Distrito 43. Cuautitl\u00e1n Izcalli<\/a><\/td>\n<\/tr>\n<tr>\n<td width=\"382\"><a href=\"https:\/\/10.10.3.106\/monitoristas\/wp-content\/uploads\/docs\/derecho-a-examen\/distritales\/Distrito_44_Nicolas_Romero.pdf\" target=\"_blank\" rel=\"noopener\">Distrito 44. Nicol\u00e1s Romero<\/a><\/td>\n<\/tr>\n<tr>\n<td width=\"382\"><a href=\"https:\/\/10.10.3.106\/monitoristas\/wp-content\/uploads\/docs\/derecho-a-examen\/distritales\/Distrito_45_Barrio_La_Cabecera_3a_Seccion.pdf\" target=\"_blank\" rel=\"noopener\">Distrito 45. Barrio la Cabecera 3a. Secci\u00f3n (Almoloya de Ju\u00e1rez)<\/a><\/td>\n<\/tr>\n<\/tbody>\n<\/table>\n<\/div><\/div><\/div><\/div>\n","protected":false},"excerpt":{"rendered":"<p>Folios de las personas aspirantes con derecho a sustentar el examen de conocimientos<\/p>\n","protected":false},"author":1,"featured_media":0,"parent":0,"menu_order":0,"comment_status":"closed","ping_status":"closed","template":"","meta":{"footnotes":""},"class_list":["post-102","page","type-page","status-publish","hentry"],"_links":{"self":[{"href":"https:\/\/sistemaselec.ieem.org.mx\/monitoristas\/wp-json\/wp\/v2\/pages\/102","targetHints":{"allow":["GET"]}}],"collection":[{"href":"https:\/\/sistemaselec.ieem.org.mx\/monitoristas\/wp-json\/wp\/v2\/pages"}],"about":[{"href":"https:\/\/sistemaselec.ieem.org.mx\/monitoristas\/wp-json\/wp\/v2\/types\/page"}],"author":[{"embeddable":true,"href":"https:\/\/sistemaselec.ieem.org.mx\/monitoristas\/wp-json\/wp\/v2\/users\/1"}],"replies":[{"embeddable":true,"href":"https:\/\/sistemaselec.ieem.org.mx\/monitoristas\/wp-json\/wp\/v2\/comments?post=102"}],"version-history":[{"count":4,"href":"https:\/\/sistemaselec.ieem.org.mx\/monitoristas\/wp-json\/wp\/v2\/pages\/102\/revisions"}],"predecessor-version":[{"id":106,"href":"https:\/\/sistemaselec.ieem.org.mx\/monitoristas\/wp-json\/wp\/v2\/pages\/102\/revisions\/106"}],"wp:attachment":[{"href":"https:\/\/sistemaselec.ieem.org.mx\/monitoristas\/wp-json\/wp\/v2\/media?parent=102"}],"curies":[{"name":"wp","href":"https:\/\/api.w.org\/{rel}","templated":true}]}}