

{"id":189,"date":"2022-10-31T22:59:22","date_gmt":"2022-10-31T22:59:22","guid":{"rendered":"https:\/\/10.10.3.106\/consejerias2023\/?page_id=189"},"modified":"2022-11-01T01:05:09","modified_gmt":"2022-11-01T01:05:09","slug":"publicaciones","status":"publish","type":"page","link":"https:\/\/sistemaselec.ieem.org.mx\/consejerias2023\/","title":{"rendered":"Publicaciones"},"content":{"rendered":"\n<h2 class=\"wp-block-heading\">Publicaciones<\/h2>\n\n\n\n<br><br><br>\n\n\n\n<div class=\"wp-block-columns is-layout-flex wp-container-core-columns-is-layout-9d6595d7 wp-block-columns-is-layout-flex\">\n<div class=\"wp-block-column generales_lista is-layout-flow wp-block-column-is-layout-flow\"><div id=\"sp-ea-191\" class=\"sp-ea-one sp-easy-accordion\" data-ex-icon=\"fa-minus\" data-col-icon=\"fa-plus\"  data-ea-active=\"ea-click\"  data-ea-mode=\"vertical\" data-preloader=\"\"><div class=\"ea-card ea-expand sp-ea-single\"><h3 class=\"ea-header\"><a class=\"collapsed\" data-sptoggle=\"spcollapse\" data-sptarget=#collapse1910 href=\"javascript:void(0)\"  aria-expanded=\"true\"><i class=\"ea-expand-icon fa fa-minus\"><\/i> Publicaci\u00f3n 23-01-23<\/a><\/h3><div class=\"sp-collapse spcollapse collapsed show\" id=\"collapse1910\" data-parent=#sp-ea-191><div class=\"ea-body\"><p><a href=\"https:\/\/10.10.3.106\/consejerias2023\/wp-content\/docs_consejerias\/Publicacion_24-01-23.pdf\" target=\"_blank\" rel=\"noopener\">Listado de las designaciones en las consejer\u00edas suplentes de las posiciones correspondientes a las f\u00f3rmulas 1, 2 y 3 del Consejo Distrital Electoral No. 38 con cabecera en Coacalco de Berrioz\u00e1bal, para la Elecci\u00f3n de Gubernatura 2023, en cumplimiento al Acuerdo IEEM\/CG\/13\/2023.<\/a><\/p>\n<\/div><\/div><\/div><div class=\"ea-card  sp-ea-single\"><h3 class=\"ea-header\"><a class=\"collapsed\" data-sptoggle=\"spcollapse\" data-sptarget=#collapse1911 href=\"javascript:void(0)\"  aria-expanded=\"false\"><i class=\"ea-expand-icon fa fa-plus\"><\/i> Publicaci\u00f3n 10-11-22<\/a><\/h3><div class=\"sp-collapse spcollapse \" id=\"collapse1911\" data-parent=#sp-ea-191><div class=\"ea-body\"><p><a href=\"https:\/\/10.10.3.106\/consejerias2023\/wp-content\/docs_consejerias\/Publicacion_Folios_Calificaciones_Consejerias_ok.pdf\" target=\"_blank\" rel=\"noopener\"><span class=\"x_ContentPasted1 x_ContentPasted2\">Publicaci\u00f3n de folios con los resultados de la Valoraci\u00f3n de Conocimientos y Entrevista Escrita<\/span><\/a><\/p>\n<\/div><\/div><\/div><div class=\"ea-card  sp-ea-single\"><h3 class=\"ea-header\"><a class=\"collapsed\" data-sptoggle=\"spcollapse\" data-sptarget=#collapse1912 href=\"javascript:void(0)\"  aria-expanded=\"false\"><i class=\"ea-expand-icon fa fa-plus\"><\/i> Publicaci\u00f3n 31-10-22<\/a><\/h3><div class=\"sp-collapse spcollapse \" id=\"collapse1912\" data-parent=#sp-ea-191><div class=\"ea-body\"><ul class=\".generales-lista circulo\">\n<li><a href=\"https:\/\/10.10.3.106\/consejerias2023\/wp-content\/docs_consejerias\/Reporte_de_publicacion_de_aspirantes_a_presentar_valoracion_de_conocimientos.pdf\">Folios para realizar el simulacro y la Valoraci\u00f3n de Conocimientos y Entrevista Escrita<\/a><\/li>\n<\/ul>\n<\/div><\/div><\/div><\/div>\n<\/div>\n<\/div>\n","protected":false},"excerpt":{"rendered":"<p>Publicaciones<\/p>\n","protected":false},"author":1,"featured_media":0,"parent":0,"menu_order":0,"comment_status":"closed","ping_status":"closed","template":"","meta":{"footnotes":""},"class_list":["post-189","page","type-page","status-publish","hentry"],"_links":{"self":[{"href":"https:\/\/sistemaselec.ieem.org.mx\/consejerias2023\/wp-json\/wp\/v2\/pages\/189","targetHints":{"allow":["GET"]}}],"collection":[{"href":"https:\/\/sistemaselec.ieem.org.mx\/consejerias2023\/wp-json\/wp\/v2\/pages"}],"about":[{"href":"https:\/\/sistemaselec.ieem.org.mx\/consejerias2023\/wp-json\/wp\/v2\/types\/page"}],"author":[{"embeddable":true,"href":"https:\/\/sistemaselec.ieem.org.mx\/consejerias2023\/wp-json\/wp\/v2\/users\/1"}],"replies":[{"embeddable":true,"href":"https:\/\/sistemaselec.ieem.org.mx\/consejerias2023\/wp-json\/wp\/v2\/comments?post=189"}],"version-history":[{"count":6,"href":"https:\/\/sistemaselec.ieem.org.mx\/consejerias2023\/wp-json\/wp\/v2\/pages\/189\/revisions"}],"predecessor-version":[{"id":232,"href":"https:\/\/sistemaselec.ieem.org.mx\/consejerias2023\/wp-json\/wp\/v2\/pages\/189\/revisions\/232"}],"wp:attachment":[{"href":"https:\/\/sistemaselec.ieem.org.mx\/consejerias2023\/wp-json\/wp\/v2\/media?parent=189"}],"curies":[{"name":"wp","href":"https:\/\/api.w.org\/{rel}","templated":true}]}}