

{"id":467,"date":"2023-10-03T17:45:31","date_gmt":"2023-10-03T17:45:31","guid":{"rendered":"https:\/\/10.10.3.106\/candidaturas-independientes\/?page_id=467"},"modified":"2023-10-05T17:02:24","modified_gmt":"2023-10-05T17:02:24","slug":"snr-2024","status":"publish","type":"page","link":"https:\/\/sistemaselec.ieem.org.mx\/candidaturas-independientes\/?page_id=467","title":{"rendered":"SNR 2024"},"content":{"rendered":"\n<h2 class=\"wp-block-heading\">SNR<\/h2>\n\n\n\n<p><\/p>\n\n\n\n<h3 class=\"wp-block-heading has-text-align-center\">Apoyo de la ciudadan\u00eda<\/h3>\n\n\n\n<article class=\"contenedor_lista\">\n<ul>\n   <li class=\"link_externo\"><a href=\"https:\/\/registrocandidaturas.ine.mx\/snr\/app\/login\" target=\"_blank\" rel=\"noopener\"><strong>Liga p\u00fablica <\/strong><\/a><\/li>\n   <li class=\"pasos-a-seguir\"><a href=\"https:\/\/10.10.3.106\/candidaturas-independientes\/wp-content\/uploads\/2023\/10\/Cartel-SNR-PEO-2024.pdf\" target=\"_blank\" rel=\"noopener\">Pasos<strong>Para realizar el registro en SNR <\/strong><\/a><\/li>\n   <li class=\"instructivo\"><a href=\"https:\/\/sitios.ine.mx\/archivos2\/tutoriales\/sistemas\/ApoyoInstitucional\/SNR\/rsc\/docs\/PDF\/Guia_Registro_Aspirantes_Liga_publica.pdf\" target=\"_blank\" rel=\"noopener\">Gu\u00eda<strong>Registro a trav\u00e9s de la liga p\u00fablica del SNR<\/strong><\/a><\/li>\n<li class=\"instructivo\"><a href=\"https:\/\/sitios.ine.mx\/archivos2\/tutoriales\/sistemas\/ApoyoInstitucional\/SNR\/rsc\/docs\/PDF\/Guia_Adjuntar_Formularios_firmados_Aspirantes_Liga_publica.pdf\" target=\"_blank\" rel=\"noopener\">Gu\u00eda<strong>Adjuntar formulario<\/strong><\/a><\/li>\n   <li class=\"video\"><a href=\"https:\/\/sitios.ine.mx\/archivos2\/tutoriales\/sistemas\/ApoyoInstitucional\/SNR\/rsc\/docs\/auxiliares\/Registro_Liga_Publica_SNR.mp4\" target=\"_blank\" rel=\"noopener\">Video<strong>Registro de aspirantes en SNR<\/strong><\/a><\/li>\n   \n<!-- li class=\"infografia\"><a href=\"https:\/\/10.10.3.106\/candidaturas-independientes\/wp-content\/docs\/SRN\/Obligaciones_Fiscalizacion_ApoyoCiudadania.pdf\" target=\"_blank\" rel=\"noopener\">Obligaciones en materia de Fiscalizaci\u00f3n<strong>obtenci\u00f3n de apoyo de la ciudadan\u00eda<\/strong><\/a><\/li -->\n<\/ul>\n<\/article>\n\n\n\n<h3 class=\"wp-block-heading has-text-align-center\">Campa\u00f1a<\/h3>\n\n\n\n<article class=\"contenedor_lista\">\n<ul>\n<li class=\"instructivo\"><a href=\"https:\/\/sitios.ine.mx\/archivos2\/tutoriales\/sistemas\/ApoyoInstitucional\/SNR\/rsc\/docs\/PDF\/Guia_registro_candidaturas_liga_publica.pdf\" target=\"_blank\" rel=\"noopener\">Gu\u00eda<strong>Registro de candidaturas a trav\u00e9s de la liga p\u00fablica del SNR\n<\/strong><\/a><\/li>\n<li class=\"instructivo\"><a href=\"https:\/\/sitios.ine.mx\/archivos2\/tutoriales\/sistemas\/ApoyoInstitucional\/SNR\/rsc\/docs\/PDF\/Guia_adjuntar_formularios_candidaturas_liga_publica.pdf\" target=\"_blank\" rel=\"noopener\">Gu\u00eda<strong>Para adjuntar formularios<\/strong><\/a><\/li>\n<li class=\"instructivo\"><a href=\"https:\/\/sitios.ine.mx\/archivos2\/tutoriales\/sistemas\/ApoyoInstitucional\/SNR\/rsc\/docs\/PDF\/Guia_registro_integrantes_ayuntamiento_liga_publica.pdf\" target=\"_blank\" rel=\"noopener\">Gu\u00eda<strong>Registro de integrantes de ayuntamientos<\/strong><\/a><\/li>\n<li class=\"video\"><a href=\"https:\/\/sitios.ine.mx\/archivos2\/tutoriales\/sistemas\/ApoyoInstitucional\/SNR\/rsc\/docs\/auxiliares\/SNR_RecuperaciondedatosdelAspiranteaCI\/media\/index_player.html\" target=\"_blank\" rel=\"noopener\">Video<strong>Registro candidatura independiente <\/strong><\/a><\/li>\n<\/ul>\n<\/article>\n","protected":false},"excerpt":{"rendered":"<p>SNR Apoyo de la ciudadan\u00eda Liga p\u00fablica PasosPara realizar el registro en SNR Gu\u00edaRegistro a [&hellip;]<\/p>\n","protected":false},"author":1,"featured_media":0,"parent":0,"menu_order":0,"comment_status":"closed","ping_status":"closed","template":"","meta":{"footnotes":""},"class_list":["post-467","page","type-page","status-publish","hentry"],"_links":{"self":[{"href":"https:\/\/sistemaselec.ieem.org.mx\/candidaturas-independientes\/index.php?rest_route=\/wp\/v2\/pages\/467","targetHints":{"allow":["GET"]}}],"collection":[{"href":"https:\/\/sistemaselec.ieem.org.mx\/candidaturas-independientes\/index.php?rest_route=\/wp\/v2\/pages"}],"about":[{"href":"https:\/\/sistemaselec.ieem.org.mx\/candidaturas-independientes\/index.php?rest_route=\/wp\/v2\/types\/page"}],"author":[{"embeddable":true,"href":"https:\/\/sistemaselec.ieem.org.mx\/candidaturas-independientes\/index.php?rest_route=\/wp\/v2\/users\/1"}],"replies":[{"embeddable":true,"href":"https:\/\/sistemaselec.ieem.org.mx\/candidaturas-independientes\/index.php?rest_route=%2Fwp%2Fv2%2Fcomments&post=467"}],"version-history":[{"count":6,"href":"https:\/\/sistemaselec.ieem.org.mx\/candidaturas-independientes\/index.php?rest_route=\/wp\/v2\/pages\/467\/revisions"}],"predecessor-version":[{"id":546,"href":"https:\/\/sistemaselec.ieem.org.mx\/candidaturas-independientes\/index.php?rest_route=\/wp\/v2\/pages\/467\/revisions\/546"}],"wp:attachment":[{"href":"https:\/\/sistemaselec.ieem.org.mx\/candidaturas-independientes\/index.php?rest_route=%2Fwp%2Fv2%2Fmedia&parent=467"}],"curies":[{"name":"wp","href":"https:\/\/api.w.org\/{rel}","templated":true}]}}