

{"id":463,"date":"2023-10-03T17:43:01","date_gmt":"2023-10-03T17:43:01","guid":{"rendered":"https:\/\/10.10.3.106\/candidaturas-independientes\/?page_id=463"},"modified":"2023-10-04T19:54:01","modified_gmt":"2023-10-04T19:54:01","slug":"anexos-2024","status":"publish","type":"page","link":"https:\/\/sistemaselec.ieem.org.mx\/candidaturas-independientes\/?page_id=463","title":{"rendered":"Anexos 2024"},"content":{"rendered":"\n<h2 class=\"wp-block-heading\">Anexos<\/h2>\n\n\n<div id=\"sp-ea-493\" class=\"sp-ea-one sp-easy-accordion\" data-ex-icon=\"fa-minus\" data-col-icon=\"fa-plus\"  data-ea-active=\"ea-click\"  data-ea-mode=\"vertical\" data-preloader=\"\"><div class=\"ea-card  sp-ea-single\"><h3 class=\"ea-header\"><a class=\"collapsed\" data-sptoggle=\"spcollapse\" data-sptarget=#collapse4930 href=\"javascript:void(0)\"  aria-expanded=\"false\"><i class=\"ea-expand-icon fa fa-plus\"><\/i> Diputaciones locales<\/a><\/h3><div class=\"sp-collapse spcollapse spcollapse\" id=\"collapse4930\" data-parent=#sp-ea-493><div class=\"ea-body\"><p>&nbsp;<\/p>\n<h3 style=\"text-align: center;\">Escrito de manifestaci\u00f3n de intenci\u00f3n<\/h3>\n<article class=\"contenedor_lista anexos\">\n<ul>\n<li class=\"anexos-descarga\"><a href=\"https:\/\/10.10.3.106\/candidaturas-independientes\/wp-content\/uploads\/docs\/2023\/anexos\/Anexo_1_EMI_-Diputaciones.pdf\" target=\"_blank\" rel=\"noopener\">Anexo 1 <strong>ESCRITO DE MANIFESTACI\u00d3N DE INTENCI\u00d3N<\/strong><\/a><\/li>\n<li class=\"anexos-descarga\"><a href=\"https:\/\/10.10.3.106\/candidaturas-independientes\/wp-content\/uploads\/docs\/2023\/anexos\/Anexo_3_Modelo_Unico_de_Estatutos.pdf\" target=\"_blank\" rel=\"noopener\">Anexo 3 <strong>MODELO \u00daNICO DE ESTATUTOS<\/strong><\/a><\/li>\n<li class=\"anexos-descarga\"><a href=\"https:\/\/10.10.3.106\/candidaturas-independientes\/wp-content\/uploads\/docs\/2023\/anexos\/Anexo_4_Notificaciones_por_correo.pdf\" target=\"_blank\" rel=\"noopener\">Anexo 4 <strong>ACEPTACI\u00d3N DE NOTIFICACIONES V\u00cdA CORREO ELECTR\u00d3NICO<\/strong><\/a><\/li>\n<li class=\"anexos-descarga\"><a href=\"https:\/\/10.10.3.106\/candidaturas-independientes\/wp-content\/uploads\/docs\/2023\/anexos\/Anexo_5_-Aceptacion_uso_Aplicacion_Movil.pdf\" target=\"_blank\" rel=\"noopener\">Anexo 5 <strong>ACEPTACI\u00d3N DEL USO DE LA APLICACI\u00d3N M\u00d3VIL<\/strong><\/a><\/li>\n<li class=\"anexos-descarga\"><a href=\"https:\/\/10.10.3.106\/candidaturas-independientes\/wp-content\/uploads\/docs\/2023\/anexos\/Anexo_6_Aceptacion_Fiscalizacion_INE.pdf\" target=\"_blank\" rel=\"noopener\">Anexo 6 <strong>MANIFESTACI\u00d3N DE CONFORMIDAD PARA QUE EL INE FISCALICE EN CUALQUIER MOMENTO LOS INGRESOS Y EGRESOS DE LA CUENTA BANCARIA <\/strong><\/a><\/li>\n<li class=\"anexos-descarga\"><a href=\"https:\/\/10.10.3.106\/candidaturas-independientes\/wp-content\/uploads\/docs\/2023\/anexos\/Anexo_7_-Manifestacion_Diputaciones.pdf\" target=\"_blank\" rel=\"noopener\">Anexo 7 <strong>MANIFESTACI\u00d3N BAJO PROTESTA DE DECIR VERDAD<\/strong><\/a><\/li>\n<li class=\"anexos-descarga\"><a href=\"https:\/\/10.10.3.106\/candidaturas-independientes\/wp-content\/uploads\/docs\/2023\/anexos\/Anexo_8_Aviso_de_Privacidad_Integral.pdf\" target=\"_blank\" rel=\"noopener\">Anexo 8 <strong>AVISO DE PRIVACIDAD INTEGRAL<\/strong><\/a><\/li>\n<li class=\"anexos-descarga\"><a href=\"https:\/\/10.10.3.106\/candidaturas-independientes\/wp-content\/uploads\/docs\/2023\/anexos\/Anexo_8_Aviso-de-Privacidad_version-ciudadania.pdf\" target=\"_blank\" rel=\"noopener\">Anexo 8 <strong>AVISO DE PRIVACIDAD<br \/>\nVERSI\u00d3N PARA LA CIUDADAN\u00cdA<\/strong><\/a><\/li>\n<\/ul>\n<\/article>\n<h3 style=\"text-align: center;\">R\u00e9gimen de excepci\u00f3n (Solo en caso de que el Consejo General lo autorice)<\/h3>\n<article class=\"contenedor_lista anexos \">\n<ul>\n<li class=\"anexos-descarga\"><a href=\"https:\/\/10.10.3.106\/candidaturas-independientes\/wp-content\/uploads\/docs\/2023\/anexos\/Anexo_9_Cedula_de_respaldo_Diputaciones.pdf\" target=\"_blank\" rel=\"noopener\">Anexo 9 <strong>C\u00c9DULA DE RESPALDO DEL APOYO DE LA CIUDADAN\u00cdA<\/strong><\/a><\/li>\n<\/ul>\n<\/article>\n<h3 style=\"text-align: center;\">Etapa de solicitud de registro<\/h3>\n<article class=\"contenedor_lista anexos \">\n<ul>\n<li class=\"anexos-descarga\"><a href=\"https:\/\/10.10.3.106\/candidaturas-independientes\/wp-content\/uploads\/docs\/2023\/anexos\/Anexo_10_Solicitud_de_registro.pdf\" target=\"_blank\" rel=\"noopener\">Anexo 10 <strong>SOLICITUD DE REGISTRO CANDIDATURA INDEPENDIENTE<\/strong><\/a><\/li>\n<li class=\"anexos-descarga\"><a href=\"https:\/\/10.10.3.106\/candidaturas-independientes\/wp-content\/uploads\/docs\/2023\/anexos\/Anexo_11_Declaratoria_de_aceptacion.pdf\" target=\"_blank\" rel=\"noopener\">Anexo 11 <strong>DECLARATORIA DE ACEPTACI\u00d3N DE LA CANDIDATURA INDEPENDIENTE<\/strong><\/a><\/li>\n<li class=\"anexos-descarga\"><a href=\"https:\/\/10.10.3.106\/candidaturas-independientes\/wp-content\/uploads\/docs\/2023\/anexos\/Anexo_12_Declaratoria_bajo_protesta_Diputaciones.pdf\" target=\"_blank\" rel=\"noopener\">Anexo 12 <strong>DECLARATORIA BAJO PROTESTA DE DECIR VERDAD<\/strong><\/a><\/li>\n<\/ul>\n<\/article>\n<\/div><\/div><\/div><div class=\"ea-card  sp-ea-single\"><h3 class=\"ea-header\"><a class=\"collapsed\" data-sptoggle=\"spcollapse\" data-sptarget=#collapse4931 href=\"javascript:void(0)\"  aria-expanded=\"false\"><i class=\"ea-expand-icon fa fa-plus\"><\/i> Ayuntamientos<\/a><\/h3><div class=\"sp-collapse spcollapse spcollapse\" id=\"collapse4931\" data-parent=#sp-ea-493><div class=\"ea-body\"><p>\u00a0<\/p>\n<h3 style=\"text-align: center\">Escrito de manifestaci\u00f3n de intenci\u00f3n<\/h3>\n<article class=\"contenedor_lista anexos\">\n<ul>\n<li class=\"anexos-descarga\"><a href=\"https:\/\/10.10.3.106\/candidaturas-independientes\/wp-content\/uploads\/docs\/2023\/anexos\/Anexo_2_EMI_-Ayuntamiento.pdf\" target=\"_blank\" rel=\"noopener\">Anexo 2 <strong>ESCRITO DE MANIFESTACI\u00d3N DE INTENCI\u00d3N<\/strong><\/a><\/li>\n<li class=\"anexos-descarga\"><a href=\"https:\/\/10.10.3.106\/candidaturas-independientes\/wp-content\/uploads\/docs\/2023\/anexos\/Anexo_3_Modelo_Unico_de_Estatutos.pdf\" target=\"_blank\" rel=\"noopener\">Anexo 3 <strong>MODELO \u00daNICO DE ESTATUTOS<\/strong><\/a><\/li>\n<li class=\"anexos-descarga\"><a href=\"https:\/\/10.10.3.106\/candidaturas-independientes\/wp-content\/uploads\/docs\/2023\/anexos\/Anexo_4_Notificaciones_por_correo.pdf\" target=\"_blank\" rel=\"noopener\">Anexo 4 <strong>ACEPTACI\u00d3N DE NOTIFICACIONES V\u00cdA CORREO ELECTR\u00d3NICO<\/strong><\/a><\/li>\n<li class=\"anexos-descarga\"><a href=\"https:\/\/10.10.3.106\/candidaturas-independientes\/wp-content\/uploads\/docs\/2023\/anexos\/Anexo_5_-Aceptacion_uso_Aplicacion_Movil.pdf\" target=\"_blank\" rel=\"noopener\">Anexo 5 <strong>ACEPTACI\u00d3N DEL USO DE LA APLICACI\u00d3N M\u00d3VIL<\/strong><\/a><\/li>\n<li class=\"anexos-descarga\"><a href=\"https:\/\/10.10.3.106\/candidaturas-independientes\/wp-content\/uploads\/docs\/2023\/anexos\/Anexo_6_Aceptacion_Fiscalizacion_INE.pdf\" target=\"_blank\" rel=\"noopener\">Anexo 6 <strong>MANIFESTACI\u00d3N DE CONFORMIDAD PARA QUE EL INE FISCALICE EN CUALQUIER MOMENTO LOS INGRESOS Y EGRESOS DE LA CUENTA BANCARIA <\/strong><\/a><\/li>\n<li class=\"anexos-descarga\"><a href=\"https:\/\/10.10.3.106\/candidaturas-independientes\/wp-content\/uploads\/docs\/2023\/anexos\/Anexo_7_Manifestacion_Ayuntamientos.pdf\" target=\"_blank\" rel=\"noopener\">Anexo 7 <strong>MANIFESTACI\u00d3N BAJO PROTESTA DE DECIR VERDAD<\/strong><\/a><\/li>\n<li class=\"anexos-descarga\"><a href=\"https:\/\/10.10.3.106\/candidaturas-independientes\/wp-content\/uploads\/docs\/2023\/anexos\/Anexo_8_Aviso_de_Privacidad_Integral.pdf\" target=\"_blank\" rel=\"noopener\">Anexo 8 <strong>AVISO DE PRIVACIDAD INTEGRAL<\/strong><\/a><\/li>\n<li class=\"anexos-descarga\"><a href=\"https:\/\/10.10.3.106\/candidaturas-independientes\/wp-content\/uploads\/docs\/2023\/anexos\/Anexo_8_Aviso-de-Privacidad_version-ciudadania.pdf\" target=\"_blank\" rel=\"noopener\">Anexo 8 <strong>AVISO DE PRIVACIDAD VERSI\u00d3N PARA LA CIUDADAN\u00cdA<\/strong><\/a><\/li>\n<\/ul>\n<\/article>\n<h3 style=\"text-align: center\">R\u00e9gimen de excepci\u00f3n (Solo en caso de que el Consejo General lo autorice)<\/h3>\n<article class=\"contenedor_lista anexos \">\n<ul>\n<li class=\"anexos-descarga\"><a href=\"https:\/\/10.10.3.106\/candidaturas-independientes\/wp-content\/uploads\/docs\/2023\/anexos\/Anexo_9_Cedula_de_respaldo_Ayuntamientos.pdf\" target=\"_blank\" rel=\"noopener\">Anexo 9 <strong>C\u00c9DULA DE RESPALDO DEL APOYO DE LA CIUDADAN\u00cdA<\/strong><\/a><\/li>\n<\/ul>\n<\/article>\n<h3 style=\"text-align: center\">Etapa de solicitud de registro<\/h3>\n<article class=\"contenedor_lista anexos\">\n<ul>\n<li class=\"anexos-descarga\"><a href=\"https:\/\/10.10.3.106\/candidaturas-independientes\/wp-content\/uploads\/docs\/2023\/anexos\/Anexo_10_Solicitud_de_registro.pdf\" target=\"_blank\" rel=\"noopener\">Anexo 10 <strong>SOLICITUD DE REGISTRO CANDIDATURA INDEPENDIENTE<\/strong><\/a><\/li>\n<li class=\"anexos-descarga\"><a href=\"https:\/\/10.10.3.106\/candidaturas-independientes\/wp-content\/uploads\/docs\/2023\/anexos\/Anexo_10_-Solicitud_de_registro_Paridad_Ayuntamiento.pdf\" target=\"_blank\" rel=\"noopener\">Anexo 10 <strong>SOLICITUD DE REGISTRO CANDIDATURA INDEPENDIENTE<br \/>\n(PARIDAD)<\/strong><\/a><\/li>\n<li class=\"anexos-descarga\"><a href=\"https:\/\/10.10.3.106\/candidaturas-independientes\/wp-content\/uploads\/docs\/2023\/anexos\/Anexo_11_Declaratoria_de_aceptacion.pdf\" target=\"_blank\" rel=\"noopener\">Anexo 11 <strong>DECLARATORIA DE ACEPTACI\u00d3N DE LA CANDIDATURA INDEPENDIENTE<\/strong><\/a><\/li>\n<li class=\"anexos-descarga\"><a href=\"https:\/\/10.10.3.106\/candidaturas-independientes\/wp-content\/uploads\/docs\/2023\/anexos\/Anexo_12_Declaratoria_bajo_protesta_Ayuntamientos.pdf\" target=\"_blank\" rel=\"noopener\">Anexo 12 <strong>DECLARATORIA BAJO PROTESTA DE DECIR VERDAD<\/strong><\/a><\/li>\n<\/ul>\n<\/article>\n<\/div><\/div><\/div><\/div>\n","protected":false},"excerpt":{"rendered":"<p>Anexos<\/p>\n","protected":false},"author":1,"featured_media":0,"parent":0,"menu_order":0,"comment_status":"closed","ping_status":"closed","template":"","meta":{"footnotes":""},"class_list":["post-463","page","type-page","status-publish","hentry"],"_links":{"self":[{"href":"https:\/\/sistemaselec.ieem.org.mx\/candidaturas-independientes\/index.php?rest_route=\/wp\/v2\/pages\/463","targetHints":{"allow":["GET"]}}],"collection":[{"href":"https:\/\/sistemaselec.ieem.org.mx\/candidaturas-independientes\/index.php?rest_route=\/wp\/v2\/pages"}],"about":[{"href":"https:\/\/sistemaselec.ieem.org.mx\/candidaturas-independientes\/index.php?rest_route=\/wp\/v2\/types\/page"}],"author":[{"embeddable":true,"href":"https:\/\/sistemaselec.ieem.org.mx\/candidaturas-independientes\/index.php?rest_route=\/wp\/v2\/users\/1"}],"replies":[{"embeddable":true,"href":"https:\/\/sistemaselec.ieem.org.mx\/candidaturas-independientes\/index.php?rest_route=%2Fwp%2Fv2%2Fcomments&post=463"}],"version-history":[{"count":3,"href":"https:\/\/sistemaselec.ieem.org.mx\/candidaturas-independientes\/index.php?rest_route=\/wp\/v2\/pages\/463\/revisions"}],"predecessor-version":[{"id":496,"href":"https:\/\/sistemaselec.ieem.org.mx\/candidaturas-independientes\/index.php?rest_route=\/wp\/v2\/pages\/463\/revisions\/496"}],"wp:attachment":[{"href":"https:\/\/sistemaselec.ieem.org.mx\/candidaturas-independientes\/index.php?rest_route=%2Fwp%2Fv2%2Fmedia&parent=463"}],"curies":[{"name":"wp","href":"https:\/\/api.w.org\/{rel}","templated":true}]}}