

{"id":461,"date":"2023-10-03T17:39:20","date_gmt":"2023-10-03T17:39:20","guid":{"rendered":"https:\/\/10.10.3.106\/candidaturas-independientes\/?page_id=461"},"modified":"2023-10-07T02:29:18","modified_gmt":"2023-10-07T02:29:18","slug":"aplicacion-movil-2024","status":"publish","type":"page","link":"https:\/\/sistemaselec.ieem.org.mx\/candidaturas-independientes\/?page_id=461","title":{"rendered":"Aplicaci\u00f3n M\u00f3vil 2024"},"content":{"rendered":"\n<h2 class=\"wp-block-heading\">Aplicaci\u00f3n M\u00f3vil<\/h2>\n\n\n\n<div class=\"wp-block-columns is-layout-flex wp-container-core-columns-is-layout-9d6595d7 wp-block-columns-is-layout-flex\">\n<div class=\"wp-block-column info-app-mv is-layout-flow wp-block-column-is-layout-flow\">\n<ul class=\"wp-block-devrix-easy-image-gallery-block easy-image-gallery thumbnails-4 linked app-movil-gallery\" data-total-slides=\"2\"><li><a href=\"https:\/\/10.10.3.106\/candidaturas-independientes\/wp-content\/uploads\/2023\/10\/Como-brindar-mi-apoyo-1-410x1024.jpg\" data-fancybox=\"galleryundefined\" data-caption=\"\u00bfCOMO BRINDO MI APOYO A UNA PERSONA ASPIRANTE A UNA CANDIDATURA INDEPENDIENTE EN LA ELECCI\u00d3N DE DIPUTACIONES LOCALES Y AYUNTAMIENTOS  2024? Diputaciones (DEL 04 DE ENERO AL 17 DE FEBRERO DEL 2024). Ayuntamientos (DEL 19 DE ENERO AL 17 DE FEBRERO DEL 2024) 1. REQUISITOS 1. Debes contar con una cuenta personal de correo electr\u00f3nico ligada a Google, Facebook o X (antes Twitter) 2. Tener tu Credencial Para Votar (CPV) que cuente en su reverso con c\u00f3digo QR y la cual se encuentre vigente. *Modelos de credencial para votar desde el extranjero son v\u00e1lidas. 2. INSTALA LA APLICACI\u00d3N M\u00d3VIL (Deber\u00e1s contar con conexi\u00f3n a internet en todo momento). Ingresa a la tienda Google Play o App Store, de acuerdo a tu dispositivo m\u00f3vil, busca e instala la Aplicaci\u00f3n: Apoyo Ciudadano - INE. 3. GENERA TU C\u00d3DIGO DE ACTIVACION 1. Dar clic en &quot;inicio&quot; 2. Permitir la ubicaci\u00f3n del Smartphone 3. Dar clic en &quot;Mi apoyo&quot; 4. Clic en &quot;Generar C\u00f3digo&quot; 5. Capturar el anverso de la CPV y dar clic en la casilla 6. Capturar el correo electr\u00f3nico. 7. Se enviar\u00e1 el c\u00f3digo para la verificaci\u00f3n al correo electr\u00f3nico designado.\" class=\"eig-popup\"><i class=\"icon-view\"><\/i><span class=\"overlay\"><\/span><img loading=\"lazy\" decoding=\"async\" class=\"attachment-thumbnail size-thumbnail\" src=\"https:\/\/10.10.3.106\/candidaturas-independientes\/wp-content\/uploads\/2023\/10\/Como-brindar-mi-apoyo-1-150x150.jpg\" data-slide-no=\"0\" alt=\"\u00bfCOMO BRINDO MI APOYO A UNA PERSONA ASPIRANTE A UNA CANDIDATURA INDEPENDIENTE EN LA ELECCI\u00d3N DE DIPUTACIONES LOCALES Y AYUNTAMIENTOS  2024? \" width=\"150\" height=\"150\"\/><\/a><\/li><li><a href=\"https:\/\/10.10.3.106\/candidaturas-independientes\/wp-content\/uploads\/2023\/10\/como-brindar-mi-apoyo-continuacion-410x1024.jpg\" data-fancybox=\"galleryundefined\" data-caption=\"CAPTURA DE APOYO DE LA CIUDADAN\u00cdA 1. Ingresa a &quot;MI APOYO&quot;. 2.Introduce tu &quot;CODIGO DE ACTIVACI\u00d3N&quot;. 3.Selecci\u00f3na a la persona aspirante. 4.Captura anverso y reverso de tu CPV y selecciona la casilla &quot;Se presenta Credencial para Votar original&quot;. 5.Captura tu foto viva mediante una selfie. 6.Ingresa tu firma de aceptaci\u00f3n sobre la pantalla, tal como firmaste en tu CPV. 5.ENV\u00cdO DE APOYO Para el envi\u00f3 de la captura, entra al men\u00fa desplegable y selecciona la opci\u00f3n Env\u00edo de captura, da clic en la flecha que se encuentra en la parte inferior derecha de la pantalla. Puedes consultar m\u00e1s informaci\u00f3n en: https:\/\/www.ine.mx\/wpcontent\/uploads\/2023\/09\/Guia_MiApoyoCiudadano_V1.0-2023_21082023.pdf\" class=\"eig-popup\"><i class=\"icon-view\"><\/i><span class=\"overlay\"><\/span><img loading=\"lazy\" decoding=\"async\" class=\"attachment-thumbnail size-thumbnail\" src=\"https:\/\/10.10.3.106\/candidaturas-independientes\/wp-content\/uploads\/2023\/10\/como-brindar-mi-apoyo-continuacion-150x150.jpg\" data-slide-no=\"1\" alt=\"\u00bfCOMO BRINDO MI APOYO A UNA PERSONA ASPIRANTE A UNA CANDIDATURA INDEPENDIENTE EN LA ELECCI\u00d3N DE DIPUTACIONES LOCALES Y AYUNTAMIENTOS 2024? (continuacion)\" width=\"150\" height=\"150\"\/><\/a><\/li><\/ul>\n<\/div>\n<\/div>\n\n\n\n\n\n<article class=\"contenedor_lista anexos-descarga\">\n<ul>\n   <!--li class=\"video\"><a href=\"#\" target=\"_blank\" rel=\"noopener\">Tutorial <strong>Captaci\u00f3n de apoyo de la ciudadan\u00eda<\/strong><\/a><\/li-->\n   <li class=\"pagina_web\"><a href=\"https:\/\/www.ine.mx\/candidaturasindependientes\/\" target=\"_blank\" rel=\"noopener\">Micrositio <strong>Candidaturas Independientes del INE<\/strong><\/a><\/li>\n<\/ul>\n<\/article>\n\n\n\n<p><\/p>\n\n\n\n<h3 class=\"wp-block-heading has-text-align-center\">Manuales emitidos por el INE sobre la APP m\u00f3vil<\/h3>\n\n\n\n<article class=\"contenedor_lista\">\n<ul>\n   \n   <li class=\"instructivo\"><a href=\"https:\/\/www.ine.mx\/wp-content\/uploads\/2023\/09\/App_Android_V1.2_AspirantesCandidaturasIndependientes_2023.pdf\" target=\"_blank\" rel=\"noopener\">Manual <strong>del auxiliar sistema operativo Android<\/strong><\/a><\/li>\n   <li class=\"instructivo\"><a href=\"https:\/\/www.ine.mx\/wp-content\/uploads\/2023\/09\/App_iOS_V1.2_AspirantesCandidaturasIndependientes_2023.pdf\" target=\"_blank\" rel=\"noopener\">Manual <strong>del auxiliar sistema operativo iOS<\/strong><\/a><\/li>\n   <li class=\"instructivo\"><a href=\"https:\/\/www.ine.mx\/wp-content\/uploads\/2023\/09\/PortalWeb-AspirantesCandidaturasIndependientesV.1.2_2023.pdf\" target=\"_blank\" rel=\"noopener\">Manual <strong>de Aspirante a Candidatura Independiente Portal Web<\/strong><\/a><\/li>\n   <li class=\"instructivo\"><a href=\"https:\/\/www.ine.mx\/wp-content\/uploads\/2023\/09\/Guia_MiApoyoCiudadano_V1.0-2023_21082023.pdf\" target=\"_blank\" rel=\"noopener\">Gu\u00eda r\u00e1pida  <strong>para la modalidad \u201cMi Apoyo Ciudadano\u201d<\/strong><\/a><\/li>\n<\/ul>\n<\/article>\n","protected":false},"excerpt":{"rendered":"<p>Aplicaci\u00f3n M\u00f3vil Micrositio Candidaturas Independientes del INE Manuales emitidos por el INE sobre la APP [&hellip;]<\/p>\n","protected":false},"author":1,"featured_media":0,"parent":0,"menu_order":0,"comment_status":"closed","ping_status":"closed","template":"","meta":{"footnotes":""},"class_list":["post-461","page","type-page","status-publish","hentry"],"_links":{"self":[{"href":"https:\/\/sistemaselec.ieem.org.mx\/candidaturas-independientes\/index.php?rest_route=\/wp\/v2\/pages\/461","targetHints":{"allow":["GET"]}}],"collection":[{"href":"https:\/\/sistemaselec.ieem.org.mx\/candidaturas-independientes\/index.php?rest_route=\/wp\/v2\/pages"}],"about":[{"href":"https:\/\/sistemaselec.ieem.org.mx\/candidaturas-independientes\/index.php?rest_route=\/wp\/v2\/types\/page"}],"author":[{"embeddable":true,"href":"https:\/\/sistemaselec.ieem.org.mx\/candidaturas-independientes\/index.php?rest_route=\/wp\/v2\/users\/1"}],"replies":[{"embeddable":true,"href":"https:\/\/sistemaselec.ieem.org.mx\/candidaturas-independientes\/index.php?rest_route=%2Fwp%2Fv2%2Fcomments&post=461"}],"version-history":[{"count":7,"href":"https:\/\/sistemaselec.ieem.org.mx\/candidaturas-independientes\/index.php?rest_route=\/wp\/v2\/pages\/461\/revisions"}],"predecessor-version":[{"id":617,"href":"https:\/\/sistemaselec.ieem.org.mx\/candidaturas-independientes\/index.php?rest_route=\/wp\/v2\/pages\/461\/revisions\/617"}],"wp:attachment":[{"href":"https:\/\/sistemaselec.ieem.org.mx\/candidaturas-independientes\/index.php?rest_route=%2Fwp%2Fv2%2Fmedia&parent=461"}],"curies":[{"name":"wp","href":"https:\/\/api.w.org\/{rel}","templated":true}]}}