

{"id":5,"date":"2022-09-29T16:41:22","date_gmt":"2022-09-29T16:41:22","guid":{"rendered":"https:\/\/10.10.3.106\/candidatura-independiente\/?page_id=5"},"modified":"2022-12-22T18:06:29","modified_gmt":"2022-12-22T18:06:29","slug":"convocatoria","status":"publish","type":"page","link":"https:\/\/sistemaselec.ieem.org.mx\/candidatura-independiente\/convocatoria\/","title":{"rendered":"Convocatoria"},"content":{"rendered":"\n<h2 class=\"wp-block-heading\">Convocatoria a una Candidatura Independiente en la Elecci\u00f3n de Gubernatura 2023<\/h2>\n\n\n\n<p><\/p>\n\n\n\n<ul class=\"wp-block-devrix-easy-image-gallery-block easy-image-gallery thumbnails-4 linked\" data-total-slides=\"6\"><li><a href=\"https:\/\/10.10.3.106\/candidatura-independiente\/wp-content\/uploads\/2022\/10\/info-1-ok-768x1024.jpeg\" data-fancybox=\"galleryundefined\" data-caption=\"ETAPAS DEL PROCESO DE SELECCI\u00d3N A  UNA CANDIDATURA INDEPENDIENTE ELECCI\u00d3N DE GUBERNATURA 2023\n\nCONVOCATORIA\nSe dirige a la ciudadan\u00eda interesada en postularse a una candidatura independiente, en este caso a la Gubernatura, contiene los requisitos, la  documentaci\u00f3n probatoria requerida, los plazos, etc\n\nACTOS PREVIOS AL REGISTRO: ESCRITO DE MANIFESTACI\u00d3N DE INTENCI\u00d3N (EMI)\nDel 13 de octubre al 25 de noviembre de 2022\nUna vez que la ciudadan\u00eda interesada presenta el EMI, inicia el proceso de selecci\u00f3n a una candidatura independiente. \nEl Consejo General resolver\u00e1 sobre los EMI\u00b4S el \n14 de diciembre de 2022\nS\u00f3lo si cumple con todos los requisitos, se otorgar\u00e1\nla calidad de aspirante\n\nOBTENCI\u00d3N DEL APOYO DE LA CIUDADAN\u00cdA\nDel 15 de diciembre de 2022 al 12 de febrero de 2023 (60 d\u00edas naturales) \n3% de la Lista Nominal de Electores de la entidad, con corte al 31 de diciembre de 2022, con una dispersi\u00f3n de al menos el 1.5% en 64 municipios, a trav\u00e9s de la Aplicaci\u00f3n M\u00f3vil administrada por el Instituto Nacional Electoral (INE)\n\nREGISTRO DE CANDIDATURAS INDEPENDIENTES\nDel 18 al 27 de marzo de 2023\nLas personas aspirantes que cumplieron con el porcentaje de apoyo ciudadano requerido, estar\u00e1n en posibilidad de presentar solicitud de registro.\nEl Consejo General resolver\u00e1 el 2 de abril de 2023 \n\" class=\"eig-popup\"><i class=\"icon-view\"><\/i><span class=\"overlay\"><\/span><img loading=\"lazy\" decoding=\"async\" class=\"attachment-thumbnail size-thumbnail\" src=\"https:\/\/10.10.3.106\/candidatura-independiente\/wp-content\/uploads\/2022\/10\/info-1-ok-150x150.jpeg\" data-slide-no=\"0\" alt=\"infograf\u00eda ETAPAS DEL PROCESO DE SELECCI\u00d3N A UNA CANDIDATURA INDEPENDIENTE ELECCI\u00d3N DE GUBERNATURA 2023\" width=\"150\" height=\"150\"\/><\/a><\/li><li><a href=\"https:\/\/10.10.3.106\/candidatura-independiente\/wp-content\/uploads\/2022\/10\/info_2-768x1024.jpeg\" data-fancybox=\"galleryundefined\" data-caption=\"PRINCIPALES DOCUMENTOS QUE SE DEBEN ACOMPA\u00d1AR AL ESCRITO DE MANIFESTACI\u00d3N DE INTENCI\u00d3N\n\nActa constitutiva que acredite la creaci\u00f3n de la Asociaci\u00f3n Civil (integrada con por los menos la persona aspirante, representaci\u00f3n legal y persona encargada de los recursos \ufb01nancieros), conforme al Modelo \u00danico de Estatutos aprobado con la Convocatoria (Anexo 2), el Acta deber\u00e1 ser avalada por Notar\u00eda P\u00fablica del Estado de M\u00e9xico.\n\nInscripci\u00f3n ante el Servicio de Administraci\u00f3n Tributaria (SAT) de la Asociaci\u00f3n Civil \n\nDatos de identi\ufb01caci\u00f3n de la cuenta bancaria  a nombre de la Asociaci\u00f3n Civil\n\nCredencial para votar  de la persona aspirante, representaci\u00f3n legal y persona encargada de los recursos \ufb01nancieros.\n\nActa de nacimiento de la persona aspirante.\n\nConstancia de residencia  que acredite radicar en el territorio mexiquense, si se es originario al menos durante tres a\u00f1os, o si se es vecino cinco a\u00f1os, anteriores al d\u00eda de la elecci\u00f3n\n\n\nAviso de Privacidad que contenga la \ufb01nalidad o tratamiento de los datos personales que recabe la persona aspirante para darlo a conocerle a la ciudadan\u00eda que brinde su apoyo\n\nPresentar debidamente requisitados los Anexos 1, 3, 4, 5, 6 y 7\n\n\" class=\"eig-popup\"><i class=\"icon-view\"><\/i><span class=\"overlay\"><\/span><img loading=\"lazy\" decoding=\"async\" class=\"attachment-thumbnail size-thumbnail\" src=\"https:\/\/10.10.3.106\/candidatura-independiente\/wp-content\/uploads\/2022\/10\/info_2-150x150.jpeg\" data-slide-no=\"1\" alt=\"PRINCIPALES DOCUMENTOS QUE SE DEBEN ACOMPA\u00d1AR AL ESCRITO DE MANIFESTACI\u00d3N DE INTENCI\u00d3N\" width=\"150\" height=\"150\"\/><\/a><\/li><li><a href=\"https:\/\/10.10.3.106\/candidatura-independiente\/wp-content\/uploads\/2022\/10\/info_3-768x1024.jpeg\" data-fancybox=\"galleryundefined\" data-caption=\"CAPTACI\u00d3N DE APOYO DE LA CIUDADAN\u00cdA\n\nSe capta a trav\u00e9s de la aplicaci\u00f3n m\u00f3vil, en dos modalidades:\n\nMediante \n\nAspirantes\/Auxiliares\/Gestores\nCon ayuda de la persona aspirante,  auxiliar  o gestor (a), se captan los datos de la persona ciudadana en la APP.\n\n\nDirectamente por la ciudadan\u00eda\n\nLa persona ciudadana  descarga la APP en  su smartphone e ingresa directamente los  datos desde su domicilio.\n\n\nDatos que se capturan\nAnverso y reverso de la credencial para votar\nFotograf\u00eda viva (presencial) del\/la ciudadano(a)\nFirma digital que coincida con la CPV\n\" class=\"eig-popup\"><i class=\"icon-view\"><\/i><span class=\"overlay\"><\/span><img loading=\"lazy\" decoding=\"async\" class=\"attachment-thumbnail size-thumbnail\" src=\"https:\/\/10.10.3.106\/candidatura-independiente\/wp-content\/uploads\/2022\/10\/info_3-150x150.jpeg\" data-slide-no=\"2\" alt=\"CAPTACI\u00d3N DE APOYO DE LA CIUDADAN\u00cdA\" width=\"150\" height=\"150\"\/><\/a><\/li><li><a href=\"https:\/\/10.10.3.106\/candidatura-independiente\/wp-content\/uploads\/2022\/10\/info_4-768x1024.jpeg\" data-fancybox=\"galleryundefined\" data-caption=\"REQUISITOS\n\nEn t\u00e9rminos de la Base Segunda de la Convocatoria, para ocupar la Gubernatura del Estado de M\u00e9xico, conforme al art\u00edculo 68 de la Constituci\u00f3n Local y 17 del C\u00f3digo Electoral del Estado de M\u00e9xico, se deber\u00e1 cumplir con los requisitos siguientes:\n\nI. Ser ciudadano mexicano por nacimiento, en pleno goce de sus derechos pol\u00edticos.\nII. Ser mexiquense con residencia efectiva en su territorio no menor a tres a\u00f1os o vecino del mismo, con residencia efectiva en su territorio no menor a cinco a\u00f1os, anteriores al d\u00eda de la elecci\u00f3n.\nSe entender\u00e1 por residencia efectiva, el hecho de tener domicilio \ufb01jo en donde se habite permanentemente.\nIII. Tener 30 a\u00f1os cumplidos el d\u00eda de la elecci\u00f3n.\nIV. No pertenecer al estado eclesi\u00e1stico ni ser ministro de alg\u00fan culto, a menos que se separe formal, material y de\ufb01nitivamente de su ministerio cuando menos cinco a\u00f1os antes del d\u00eda de la elecci\u00f3n.\nV. No ser servidor p\u00fablico en ejercicio de autoridad, ni militar en servicio activo o con mando de fuerzas dentro del Estado en los \u00faltimos 90 d\u00edas anteriores al d\u00eda de la elecci\u00f3n. \nVI. No contar con una o m\u00e1s nacionalidades distintas a la mexicana.\nVII. No estar condenada o condenado por sentencia ejecutoriada por el delito de violencia pol\u00edtica contra las mujeres en raz\u00f3n de g\u00e9nero.\nVIII. No estar inscrito en el Registro de Deudores Alimentarios Morosos en el Estado, ni en otra entidad federativa.\nIX. No estar condenada o condenado por sentencia ejecutoriada por delitos de violencia familiar, contra la libertad sexual o de violencia de g\u00e9nero.\n\n\nAsimismo, se deber\u00e1 satisfacer lo siguiente:\n\nI.Estar inscrita en el padr\u00f3n electoral y la lista nominal correspondiente al Estado de M\u00e9xico y contar con credencial para votar vigente.\nII.No ser magistrada o magistrado del Tribunal Superior de Justicia o del Tribunal Electoral o funcionario de este, salvo que se separe del cargo dos a\u00f1os antes de la fecha de inicio del proceso electoral de que se trate.\nIII.No formar parte del servicio profesional electoral del Instituto, salvo que se separe del cargo dos a\u00f1os antes de la fecha de inicio del proceso electoral de que se trate.\n IV.No ser consejera o consejero electoral en el Consejo General, del Instituto ni secretario ejecutivo, salvo que se separe del cargo dos a\u00f1os antes de la fecha de inicio del proceso electoral de que se trate.\nV.No ser consejera o consejero electoral en los consejos distritales o municipales del Instituto ni director del mismo, salvo que se haya separado del cargo dos a\u00f1os antes de la fecha de inicio del proceso electoral de que se trate.\nVI.No ser integrante del \u00f3rgano de direcci\u00f3n de los organismos a los que la Constituci\u00f3n Local otorga autonom\u00eda, salvo que se separe del cargo dos a\u00f1os antes de la fecha de inicio del proceso electoral de que se trate.\nVII.No ser secretaria, secretario o subsecretaria o subsecretario de Estado, ni titular de los organismos p\u00fablicos desconcentrados o descentralizados de la administraci\u00f3n p\u00fablica estatal, a menos que se separen del cargo noventa d\u00edas antes de la elecci\u00f3n.\nVIII.Cumplir lo previsto en el art\u00edculo 118 del CEEM.\n\n\" class=\"eig-popup\"><i class=\"icon-view\"><\/i><span class=\"overlay\"><\/span><img loading=\"lazy\" decoding=\"async\" class=\"attachment-thumbnail size-thumbnail\" src=\"https:\/\/10.10.3.106\/candidatura-independiente\/wp-content\/uploads\/2022\/10\/info_4-150x150.jpeg\" data-slide-no=\"3\" alt=\"REQUISITOS\" width=\"150\" height=\"150\"\/><\/a><\/li><li><a href=\"https:\/\/10.10.3.106\/candidatura-independiente\/wp-content\/uploads\/2022\/12\/1_Fiscalizacion_ASP-768x1024.png\" data-fancybox=\"galleryundefined\" data-caption=\"OBLIGACIONES EN MATERIA DE FISCALIZACI\u00d3N - OBTENCI\u00d3N DE APOYO DE LA CIUDADAN\u00cdA. Apoyo de la ciudadan\u00eda: reuniones p\u00fablicas, asambleas, marchas y actividades dirigidas a la ciudadan\u00eda en general, que realizan las personas aspirantes con el objeto de obtener el apoyo de la ciudadan\u00eda. Sistema Nacional de Registro (SNR): Una vez que el IEEM apruebe tu registro, se generar\u00e1 la contabilidad para el reporte de ingresos y gastos en el Sistema integral de Fiscalizaci\u00f3n (SIF), recuerda que el correo que capturaste en SNR ser\u00e1 el medio de contacto para temas de fiscalizaci\u00f3n. Registro de operaciones en tiempo real: Realiza el registro contable de ingresos y gastos desde el momento en el que ocurren y hasta 3 d\u00edas posteriores. Agenda de eventos: Reporta en el SIF los eventos con antelaci\u00f3n de al menos 7 d\u00edas y avisa su cancelaci\u00f3n en un plazo m\u00e1ximo de 48 horas despu\u00e9s de la fecha en la que se iba a realizar el evento. Casa de apoyo de la ciudadan\u00eda: Registra la casa que utilices para la obtenci\u00f3n de apoyo de la ciudadan\u00eda proporcionando la direcci\u00f3n y el periodo en que ser\u00e1 utilizada, presenta la documentaci\u00f3n soporte correspondiente. Avisos a la autoridad: Informa sobre la apertura de la cuenta bancaria dentro de los 5 d\u00edas siguientes a la firma del contrato, as\u00ed como, el nombre de la persona Responsable de finanzas, direcci\u00f3n, correo y tel\u00e9fono dentro de los 5 d\u00edas. Gastos sobre la creaci\u00f3n de la asociaci\u00f3n civil: Realiza el registro contable de los ingresos y gastos derivados de la constituci\u00f3n de la asociaci\u00f3n civil que presentaste en el EMI como requisito para obtener el registro de aspirante. Aportaciones por el uso de los bienes muebles o inmuebles: Cuando recibas aportaciones por el uso de los bienes muebles o inmuebles otorgados en comodato, realiza 2 registros contables: 1. Ingreso en especie- gasto asociado 2. Pr\u00e9stamo del bien en cuentas de orden.\" class=\"eig-popup\"><i class=\"icon-view\"><\/i><span class=\"overlay\"><\/span><img loading=\"lazy\" decoding=\"async\" class=\"attachment-thumbnail size-thumbnail\" src=\"https:\/\/10.10.3.106\/candidatura-independiente\/wp-content\/uploads\/2022\/12\/1_Fiscalizacion_ASP-150x150.png\" data-slide-no=\"4\" alt=\"obligaciones en materia de fiscalizaci\u00f3n - obtenci\u00f3n de apoyo de la ciudadan\u00eda\" width=\"150\" height=\"150\"\/><\/a><\/li><li><a href=\"https:\/\/10.10.3.106\/candidatura-independiente\/wp-content\/uploads\/2022\/12\/2_Fiscalizacion_ASP-768x1024.png\" data-fancybox=\"galleryundefined\" data-caption=\"Obligaciones en materia de Fiscalizaci\u00f3n - obtenci\u00f3n de apoyo de la ciudadan\u00eda. Cuenta bancaria: Presenta los estados de cuenta bancarios, contratos de apertura y tarjeta de firmas. Avisos de contrataci\u00f3n: Presenta en un plazo m\u00e1ximo de 3 d\u00edas posteriores a la suscripci\u00f3n de los contratos para la adquisici\u00f3n de todo tipo de propaganda incluyendo la utilitaria y publicidad, as\u00ed como espect\u00e1culos, cantantes y grupos musicales, sin importar el monto de la contrataci\u00f3n y para bienes y servicios diferentes cuando se supere las 1,500 UMA. Ingresos en efectivo: Cuando las aportaciones en efectivo superen las 90 UMA, se deber\u00e1n realizar con cheque o transferencia bancaria, registra contablemente adjuntando la totalidad de la documentaci\u00f3n soporte, en la que se debe identificar la cuenta de origen y destino. Ingresos en especie: Registra contablemente el ingreso y el gasto asociado, adjunta la documentaci\u00f3n que acredite el criterio de valuaci\u00f3n utilizado, facturas y\/o cotizaciones, contrato de donaci\u00f3n o comodato, credencial para votar del aportante y los recibos foliados de la aportaci\u00f3n en especie. Gastos mayores a 90 UMA: Los pagos que realices mayores a 90 UMA, tendr\u00e1n que ser mediante cheque nominativo, a nombre de la o el prestador de servicios, con la leyenda \u201cpara abono en cuenta del beneficiario\u201d o a trav\u00e9s de transferencia electr\u00f3nica, para el registro contable en el SIF deber\u00e1 incorporarse la documentaci\u00f3n comprobatoria y el comprobante de pago (p\u00f3liza cheque, copia del cheque o transferencia). Avisos de contrataci\u00f3n: Presenta en un plazo m\u00e1ximo de 3 d\u00edas posteriores a la suscripci\u00f3n de los contratos para la adquisici\u00f3n de todo tipo de propaganda incluyendo la utilitaria y publicidad, as\u00ed como espect\u00e1culos, cantantes y grupos musicales, sin importar el monto de la contrataci\u00f3n y para bienes y servicios diferentes cuando se supere las 1,500 UMA. Compra de propaganda: Celebra operaciones con proveedores inscritos en el Registro Nacional de Proveedores cuando adquieras propaganda incluyendo utilitaria y publicidad, espect\u00e1culos, cantantes y grupos musicales, sin importar el monto de la contrataci\u00f3n, o cuando el monto de lo contratado supere las 1,500 UMA en bienes y servicios contratados en la realizaci\u00f3n de eventos distintos a los anteriores. Monitoreo y visitas de verificaci\u00f3n: Reporta en el SIF la totalidad de los gastos por concepto de propaganda en la v\u00eda p\u00fablica y en casas de obtenci\u00f3n de apoyo de la ciudadan\u00eda, y eventos, recuerda que la autoridad realizar\u00e1 monitoreo y visitas de verificaci\u00f3n. Espectaculares: Los espectaculares solo se pueden contratar y pagar a trav\u00e9s de la Asociaci\u00f3n Civil directamente, este tipo de propaganda no puede ser por aportaciones en especie.\" class=\"eig-popup\"><i class=\"icon-view\"><\/i><span class=\"overlay\"><\/span><img loading=\"lazy\" decoding=\"async\" class=\"attachment-thumbnail size-thumbnail\" src=\"https:\/\/10.10.3.106\/candidatura-independiente\/wp-content\/uploads\/2022\/12\/2_Fiscalizacion_ASP-150x150.png\" data-slide-no=\"5\" alt=\"\" width=\"150\" height=\"150\"\/><\/a><\/li><\/ul>\n\n\n\n<div class=\"wp-block-columns is-layout-flex wp-container-core-columns-is-layout-9d6595d7 wp-block-columns-is-layout-flex\"><\/div>\n\n\n\n<article class=\"contenedor_lista\">\n<ul>\n<li class=\"convocatoria-descarga\"><a href=\"https:\/\/10.10.3.106\/candidatura-independiente\/wp-content\/docs\/convocatoria.pdf\" target=\"_blank\" rel=\"noopener\">Descargar <strong>CONVOCATORIA<\/strong><\/a><\/li>\n<\/ul>\n\n<\/article>\n","protected":false},"excerpt":{"rendered":"<p>Convocatoria a una Candidatura Independiente en la Elecci\u00f3n de Gubernatura 2023 Descargar CONVOCATORIA<\/p>\n","protected":false},"author":1,"featured_media":0,"parent":0,"menu_order":0,"comment_status":"closed","ping_status":"closed","template":"","meta":{"footnotes":""},"class_list":["post-5","page","type-page","status-publish","hentry"],"_links":{"self":[{"href":"https:\/\/sistemaselec.ieem.org.mx\/candidatura-independiente\/wp-json\/wp\/v2\/pages\/5","targetHints":{"allow":["GET"]}}],"collection":[{"href":"https:\/\/sistemaselec.ieem.org.mx\/candidatura-independiente\/wp-json\/wp\/v2\/pages"}],"about":[{"href":"https:\/\/sistemaselec.ieem.org.mx\/candidatura-independiente\/wp-json\/wp\/v2\/types\/page"}],"author":[{"embeddable":true,"href":"https:\/\/sistemaselec.ieem.org.mx\/candidatura-independiente\/wp-json\/wp\/v2\/users\/1"}],"replies":[{"embeddable":true,"href":"https:\/\/sistemaselec.ieem.org.mx\/candidatura-independiente\/wp-json\/wp\/v2\/comments?post=5"}],"version-history":[{"count":72,"href":"https:\/\/sistemaselec.ieem.org.mx\/candidatura-independiente\/wp-json\/wp\/v2\/pages\/5\/revisions"}],"predecessor-version":[{"id":415,"href":"https:\/\/sistemaselec.ieem.org.mx\/candidatura-independiente\/wp-json\/wp\/v2\/pages\/5\/revisions\/415"}],"wp:attachment":[{"href":"https:\/\/sistemaselec.ieem.org.mx\/candidatura-independiente\/wp-json\/wp\/v2\/media?parent=5"}],"curies":[{"name":"wp","href":"https:\/\/api.w.org\/{rel}","templated":true}]}}